{"id":3980,"date":"2023-04-19T10:29:57","date_gmt":"2023-04-19T10:29:57","guid":{"rendered":"https:\/\/wattstor.com\/fully-funded-energy-systems\/"},"modified":"2025-05-06T06:01:13","modified_gmt":"2025-05-06T06:01:13","slug":"vollfinanzierte-energiesysteme","status":"publish","type":"page","link":"https:\/\/wattstor.marketingpod.dev\/de\/vollfinanzierte-energiesysteme\/","title":{"rendered":"Vollst\u00e4ndig finanzierte Energiesysteme"},"content":{"rendered":"","protected":false},"excerpt":{"rendered":"","protected":false},"author":30,"featured_media":0,"parent":0,"menu_order":0,"comment_status":"closed","ping_status":"closed","template":"template-flexible-content.php","meta":{"_acf_changed":false,"inline_featured_image":false,"footnotes":""},"class_list":["post-3980","page","type-page","status-publish","hentry"],"acf":[],"yoast_head":"<!-- This site is optimized with the Yoast SEO plugin v27.4 - https:\/\/yoast.com\/product\/yoast-seo-wordpress\/ -->\n<title>Vollst\u00e4ndig finanzierte Energiesysteme von Wattstor (UK)<\/title>\n<meta name=\"description\" content=\"Vollst\u00e4ndig finanzierte Energiesysteme f\u00fchren zu erheblichen Einsparungen, bringen Einnahmen aus den Stromm\u00e4rkten und f\u00f6rdern die Umweltfreundlichkeit - und das alles ohne Risiko.\" \/>\n<meta name=\"robots\" content=\"noindex, follow, max-snippet:-1, max-image-preview:large, max-video-preview:-1\" \/>\n<meta property=\"og:locale\" content=\"de_DE\" \/>\n<meta property=\"og:type\" content=\"article\" \/>\n<meta property=\"og:title\" content=\"Vollst\u00e4ndig finanzierte Energiesysteme\" \/>\n<meta property=\"og:description\" content=\"Vollst\u00e4ndig finanzierte Energiesysteme f\u00fchren zu erheblichen Einsparungen, bringen Einnahmen aus den Stromm\u00e4rkten und f\u00f6rdern die Umweltfreundlichkeit - und das alles ohne Risiko.\" \/>\n<meta property=\"og:url\" content=\"https:\/\/wattstor.marketingpod.dev\/de\/vollfinanzierte-energiesysteme\/\" \/>\n<meta property=\"og:site_name\" content=\"Wattstor\" \/>\n<meta property=\"article:modified_time\" content=\"2025-05-06T06:01:13+00:00\" \/>\n<meta property=\"og:image\" content=\"https:\/\/wattstor.marketingpod.dev\/wp-content\/uploads\/2021\/08\/Solar-battery-wind-800x400-1.png\" \/>\n\t<meta property=\"og:image:width\" content=\"800\" \/>\n\t<meta property=\"og:image:height\" content=\"400\" \/>\n\t<meta property=\"og:image:type\" content=\"image\/png\" \/>\n<meta name=\"twitter:card\" content=\"summary_large_image\" \/>\n<meta name=\"twitter:title\" content=\"Fully funded energy systems\" \/>\n<meta name=\"twitter:description\" content=\"Fully Funded Energy Systems create significant savings, make revenue from electricity markets and boost green credentials, all without risk.\" \/>\n<meta name=\"twitter:image\" content=\"https:\/\/wattstor.marketingpod.dev\/wp-content\/uploads\/2021\/08\/Solar-battery-wind-800x400-1.png\" \/>\n<!-- \/ Yoast SEO plugin. -->","yoast_head_json":{"title":"Vollst\u00e4ndig finanzierte Energiesysteme von Wattstor (UK)","description":"Vollst\u00e4ndig finanzierte Energiesysteme f\u00fchren zu erheblichen Einsparungen, bringen Einnahmen aus den Stromm\u00e4rkten und f\u00f6rdern die Umweltfreundlichkeit - und das alles ohne Risiko.","robots":{"index":"noindex","follow":"follow","max-snippet":"max-snippet:-1","max-image-preview":"max-image-preview:large","max-video-preview":"max-video-preview:-1"},"og_locale":"de_DE","og_type":"article","og_title":"Vollst\u00e4ndig finanzierte Energiesysteme","og_description":"Vollst\u00e4ndig finanzierte Energiesysteme f\u00fchren zu erheblichen Einsparungen, bringen Einnahmen aus den Stromm\u00e4rkten und f\u00f6rdern die Umweltfreundlichkeit - und das alles ohne Risiko.","og_url":"https:\/\/wattstor.marketingpod.dev\/de\/vollfinanzierte-energiesysteme\/","og_site_name":"Wattstor","article_modified_time":"2025-05-06T06:01:13+00:00","og_image":[{"width":800,"height":400,"url":"https:\/\/wattstor.marketingpod.dev\/wp-content\/uploads\/2021\/08\/Solar-battery-wind-800x400-1.png","type":"image\/png"}],"twitter_card":"summary_large_image","twitter_title":"Fully funded energy systems","twitter_description":"Fully Funded Energy Systems create significant savings, make revenue from electricity markets and boost green credentials, all without risk.","twitter_image":"https:\/\/wattstor.marketingpod.dev\/wp-content\/uploads\/2021\/08\/Solar-battery-wind-800x400-1.png","schema":{"@context":"https:\/\/schema.org","@graph":[{"@type":"WebPage","@id":"https:\/\/wattstor.marketingpod.dev\/de\/vollfinanzierte-energiesysteme\/","url":"https:\/\/wattstor.marketingpod.dev\/de\/vollfinanzierte-energiesysteme\/","name":"Vollst\u00e4ndig finanzierte Energiesysteme von Wattstor (UK)","isPartOf":{"@id":"https:\/\/wattstor.marketingpod.dev\/de\/#website"},"datePublished":"2023-04-19T10:29:57+00:00","dateModified":"2025-05-06T06:01:13+00:00","description":"Vollst\u00e4ndig finanzierte Energiesysteme f\u00fchren zu erheblichen Einsparungen, bringen Einnahmen aus den Stromm\u00e4rkten und f\u00f6rdern die Umweltfreundlichkeit - und das alles ohne Risiko.","breadcrumb":{"@id":"https:\/\/wattstor.marketingpod.dev\/de\/vollfinanzierte-energiesysteme\/#breadcrumb"},"inLanguage":"de","potentialAction":[{"@type":"ReadAction","target":["https:\/\/wattstor.marketingpod.dev\/de\/vollfinanzierte-energiesysteme\/"]}]},{"@type":"BreadcrumbList","@id":"https:\/\/wattstor.marketingpod.dev\/de\/vollfinanzierte-energiesysteme\/#breadcrumb","itemListElement":[{"@type":"ListItem","position":1,"name":"Home","item":"https:\/\/wattstor.marketingpod.dev\/de\/"},{"@type":"ListItem","position":2,"name":"Vollst\u00e4ndig finanzierte Energiesysteme"}]},{"@type":"WebSite","@id":"https:\/\/wattstor.marketingpod.dev\/de\/#website","url":"https:\/\/wattstor.marketingpod.dev\/de\/","name":"Wattstor","description":"Wattstor delivers intelligent energy management solutions for renewables, storage and EV charging on industrial and commercial sites.","potentialAction":[{"@type":"SearchAction","target":{"@type":"EntryPoint","urlTemplate":"https:\/\/wattstor.marketingpod.dev\/de\/?s={search_term_string}"},"query-input":{"@type":"PropertyValueSpecification","valueRequired":true,"valueName":"search_term_string"}}],"inLanguage":"de"}]}},"_links":{"self":[{"href":"https:\/\/wattstor.marketingpod.dev\/de\/wp-json\/wp\/v2\/pages\/3980","targetHints":{"allow":["GET"]}}],"collection":[{"href":"https:\/\/wattstor.marketingpod.dev\/de\/wp-json\/wp\/v2\/pages"}],"about":[{"href":"https:\/\/wattstor.marketingpod.dev\/de\/wp-json\/wp\/v2\/types\/page"}],"author":[{"embeddable":true,"href":"https:\/\/wattstor.marketingpod.dev\/de\/wp-json\/wp\/v2\/users\/30"}],"replies":[{"embeddable":true,"href":"https:\/\/wattstor.marketingpod.dev\/de\/wp-json\/wp\/v2\/comments?post=3980"}],"version-history":[{"count":0,"href":"https:\/\/wattstor.marketingpod.dev\/de\/wp-json\/wp\/v2\/pages\/3980\/revisions"}],"wp:attachment":[{"href":"https:\/\/wattstor.marketingpod.dev\/de\/wp-json\/wp\/v2\/media?parent=3980"}],"curies":[{"name":"wp","href":"https:\/\/api.w.org\/{rel}","templated":true}]}}