{"id":3551,"date":"2024-10-30T15:27:19","date_gmt":"2024-10-30T15:27:19","guid":{"rendered":"https:\/\/wattstor.com\/price-protect\/"},"modified":"2026-03-30T14:29:30","modified_gmt":"2026-03-30T14:29:30","slug":"stromtarif-price-protect","status":"publish","type":"page","link":"https:\/\/wattstor.marketingpod.dev\/de\/stromtarif-price-protect\/","title":{"rendered":"Price Protect \u2013 der Tarif f\u00fcr erneuerbare Energien f\u00fcr diejenigen, die au\u00dferhalb des Netzes denken"},"content":{"rendered":"","protected":false},"excerpt":{"rendered":"","protected":false},"author":16,"featured_media":0,"parent":0,"menu_order":0,"comment_status":"closed","ping_status":"closed","template":"template-flexible-content.php","meta":{"_acf_changed":false,"inline_featured_image":false,"footnotes":""},"class_list":["post-3551","page","type-page","status-publish","hentry"],"acf":[],"yoast_head":"<!-- This site is optimized with the Yoast SEO plugin v27.4 - https:\/\/yoast.com\/product\/yoast-seo-wordpress\/ -->\n<title>Stromtarif Price Protect f\u00fcr Industrie &amp; Gewerbe | Mit PV &amp; Batterie<\/title>\n<meta name=\"description\" content=\"Price Protect ist unser \u00d6kostromtarif, der Flexibilit\u00e4t mit Preissicherheit vereint. Jetzt informieren &amp; Stromkosten f\u00fcrs Unternehmen senken.\" \/>\n<meta name=\"robots\" content=\"noindex, follow, max-snippet:-1, max-image-preview:large, max-video-preview:-1\" \/>\n<meta property=\"og:locale\" content=\"de_DE\" \/>\n<meta property=\"og:type\" content=\"article\" \/>\n<meta property=\"og:title\" content=\"Price Protect - the renewable energy tariff from WattstorPrice Protect - der Tarif f\u00fcr erneuerbare Energie von Wattstor\" \/>\n<meta property=\"og:description\" content=\"Price Protect ist ein neuer Tarif f\u00fcr erneuerbare Energien, der die Flexibilit\u00e4t eines variablen Tarifs mit der Sicherheit eines festen Tarifs verbindet.\" \/>\n<meta property=\"og:url\" content=\"https:\/\/wattstor.marketingpod.dev\/de\/stromtarif-price-protect\/\" \/>\n<meta property=\"og:site_name\" content=\"Wattstor\" \/>\n<meta property=\"article:modified_time\" content=\"2026-03-30T14:29:30+00:00\" \/>\n<meta property=\"og:image\" content=\"https:\/\/wattstor.marketingpod.dev\/wp-content\/uploads\/2024\/10\/price-protect-social-card.png\" \/>\n\t<meta property=\"og:image:width\" content=\"1200\" \/>\n\t<meta property=\"og:image:height\" content=\"600\" \/>\n\t<meta property=\"og:image:type\" content=\"image\/png\" \/>\n<meta name=\"twitter:card\" content=\"summary_large_image\" \/>\n<!-- \/ Yoast SEO plugin. -->","yoast_head_json":{"title":"Stromtarif Price Protect f\u00fcr Industrie & Gewerbe | Mit PV & Batterie","description":"Price Protect ist unser \u00d6kostromtarif, der Flexibilit\u00e4t mit Preissicherheit vereint. Jetzt informieren & Stromkosten f\u00fcrs Unternehmen senken.","robots":{"index":"noindex","follow":"follow","max-snippet":"max-snippet:-1","max-image-preview":"max-image-preview:large","max-video-preview":"max-video-preview:-1"},"og_locale":"de_DE","og_type":"article","og_title":"Price Protect - the renewable energy tariff from WattstorPrice Protect - der Tarif f\u00fcr erneuerbare Energie von Wattstor","og_description":"Price Protect ist ein neuer Tarif f\u00fcr erneuerbare Energien, der die Flexibilit\u00e4t eines variablen Tarifs mit der Sicherheit eines festen Tarifs verbindet.","og_url":"https:\/\/wattstor.marketingpod.dev\/de\/stromtarif-price-protect\/","og_site_name":"Wattstor","article_modified_time":"2026-03-30T14:29:30+00:00","og_image":[{"width":1200,"height":600,"url":"https:\/\/wattstor.marketingpod.dev\/wp-content\/uploads\/2024\/10\/price-protect-social-card.png","type":"image\/png"}],"twitter_card":"summary_large_image","schema":{"@context":"https:\/\/schema.org","@graph":[{"@type":"WebPage","@id":"https:\/\/wattstor.marketingpod.dev\/de\/stromtarif-price-protect\/","url":"https:\/\/wattstor.marketingpod.dev\/de\/stromtarif-price-protect\/","name":"Stromtarif Price Protect f\u00fcr Industrie & Gewerbe | Mit PV & Batterie","isPartOf":{"@id":"https:\/\/wattstor.marketingpod.dev\/de\/#website"},"datePublished":"2024-10-30T15:27:19+00:00","dateModified":"2026-03-30T14:29:30+00:00","description":"Price Protect ist unser \u00d6kostromtarif, der Flexibilit\u00e4t mit Preissicherheit vereint. Jetzt informieren & Stromkosten f\u00fcrs Unternehmen senken.","breadcrumb":{"@id":"https:\/\/wattstor.marketingpod.dev\/de\/stromtarif-price-protect\/#breadcrumb"},"inLanguage":"de","potentialAction":[{"@type":"ReadAction","target":["https:\/\/wattstor.marketingpod.dev\/de\/stromtarif-price-protect\/"]}]},{"@type":"BreadcrumbList","@id":"https:\/\/wattstor.marketingpod.dev\/de\/stromtarif-price-protect\/#breadcrumb","itemListElement":[{"@type":"ListItem","position":1,"name":"Home","item":"https:\/\/wattstor.marketingpod.dev\/de\/"},{"@type":"ListItem","position":2,"name":"Price Protect \u2013 der Tarif f\u00fcr erneuerbare Energien f\u00fcr diejenigen, die au\u00dferhalb des Netzes denken"}]},{"@type":"WebSite","@id":"https:\/\/wattstor.marketingpod.dev\/de\/#website","url":"https:\/\/wattstor.marketingpod.dev\/de\/","name":"Wattstor","description":"Wattstor delivers intelligent energy management solutions for renewables, storage and EV charging on industrial and commercial sites.","potentialAction":[{"@type":"SearchAction","target":{"@type":"EntryPoint","urlTemplate":"https:\/\/wattstor.marketingpod.dev\/de\/?s={search_term_string}"},"query-input":{"@type":"PropertyValueSpecification","valueRequired":true,"valueName":"search_term_string"}}],"inLanguage":"de"}]}},"_links":{"self":[{"href":"https:\/\/wattstor.marketingpod.dev\/de\/wp-json\/wp\/v2\/pages\/3551","targetHints":{"allow":["GET"]}}],"collection":[{"href":"https:\/\/wattstor.marketingpod.dev\/de\/wp-json\/wp\/v2\/pages"}],"about":[{"href":"https:\/\/wattstor.marketingpod.dev\/de\/wp-json\/wp\/v2\/types\/page"}],"author":[{"embeddable":true,"href":"https:\/\/wattstor.marketingpod.dev\/de\/wp-json\/wp\/v2\/users\/16"}],"replies":[{"embeddable":true,"href":"https:\/\/wattstor.marketingpod.dev\/de\/wp-json\/wp\/v2\/comments?post=3551"}],"version-history":[{"count":1,"href":"https:\/\/wattstor.marketingpod.dev\/de\/wp-json\/wp\/v2\/pages\/3551\/revisions"}],"predecessor-version":[{"id":6160,"href":"https:\/\/wattstor.marketingpod.dev\/de\/wp-json\/wp\/v2\/pages\/3551\/revisions\/6160"}],"wp:attachment":[{"href":"https:\/\/wattstor.marketingpod.dev\/de\/wp-json\/wp\/v2\/media?parent=3551"}],"curies":[{"name":"wp","href":"https:\/\/api.w.org\/{rel}","templated":true}]}}