{"id":3540,"date":"2023-08-22T22:01:52","date_gmt":"2023-08-22T22:01:52","guid":{"rendered":"https:\/\/wattstor.com\/how-we-help\/"},"modified":"2025-08-20T07:28:58","modified_gmt":"2025-08-20T07:28:58","slug":"wie-wir-helfen","status":"publish","type":"page","link":"https:\/\/wattstor.marketingpod.dev\/de\/wie-wir-helfen\/","title":{"rendered":"Wie Wir Helfen"},"content":{"rendered":"","protected":false},"excerpt":{"rendered":"","protected":false},"author":30,"featured_media":0,"parent":0,"menu_order":0,"comment_status":"closed","ping_status":"closed","template":"template-flexible-content.php","meta":{"_acf_changed":false,"inline_featured_image":false,"footnotes":""},"class_list":["post-3540","page","type-page","status-publish","hentry"],"acf":[],"yoast_head":"<!-- This site is optimized with the Yoast SEO plugin v27.4 - https:\/\/yoast.com\/product\/yoast-seo-wordpress\/ -->\n<title>H\u00e4ufige Energieprobleme, die wir l\u00f6sen | Wattstor<\/title>\n<meta name=\"description\" content=\"Erfahren Sie mehr \u00fcber die Probleme, die wir f\u00fcr Unternehmen l\u00f6sen, die ihre Kosten senken, ihre Net-Zero-Strategie beschleunigen und mit Netzbeschr\u00e4nkungen umgehen wollen.\" \/>\n<meta name=\"robots\" content=\"noindex, follow, max-snippet:-1, max-image-preview:large, max-video-preview:-1\" \/>\n<meta property=\"og:locale\" content=\"de_DE\" \/>\n<meta property=\"og:type\" content=\"article\" \/>\n<meta property=\"og:title\" content=\"H\u00e4ufige Energieprobleme, die wir l\u00f6sen | Wattstor\" \/>\n<meta property=\"og:description\" content=\"Erfahren Sie mehr \u00fcber die Probleme, die wir f\u00fcr Unternehmen l\u00f6sen, die ihre Kosten senken, ihre Net-Zero-Strategie beschleunigen und mit Netzbeschr\u00e4nkungen umgehen wollen.\" \/>\n<meta property=\"og:url\" content=\"https:\/\/wattstor.marketingpod.dev\/de\/wie-wir-helfen\/\" \/>\n<meta property=\"og:site_name\" content=\"Wattstor\" \/>\n<meta property=\"article:modified_time\" content=\"2025-08-20T07:28:58+00:00\" \/>\n<meta property=\"og:image\" content=\"https:\/\/wattstor.marketingpod.dev\/wp-content\/uploads\/2021\/08\/Our_Solutions_Header_Image_1440x820.jpg\" \/>\n\t<meta property=\"og:image:width\" content=\"1440\" \/>\n\t<meta property=\"og:image:height\" content=\"820\" \/>\n\t<meta property=\"og:image:type\" content=\"image\/jpeg\" \/>\n<meta name=\"twitter:card\" content=\"summary_large_image\" \/>\n<!-- \/ Yoast SEO plugin. -->","yoast_head_json":{"title":"H\u00e4ufige Energieprobleme, die wir l\u00f6sen | Wattstor","description":"Erfahren Sie mehr \u00fcber die Probleme, die wir f\u00fcr Unternehmen l\u00f6sen, die ihre Kosten senken, ihre Net-Zero-Strategie beschleunigen und mit Netzbeschr\u00e4nkungen umgehen wollen.","robots":{"index":"noindex","follow":"follow","max-snippet":"max-snippet:-1","max-image-preview":"max-image-preview:large","max-video-preview":"max-video-preview:-1"},"og_locale":"de_DE","og_type":"article","og_title":"H\u00e4ufige Energieprobleme, die wir l\u00f6sen | Wattstor","og_description":"Erfahren Sie mehr \u00fcber die Probleme, die wir f\u00fcr Unternehmen l\u00f6sen, die ihre Kosten senken, ihre Net-Zero-Strategie beschleunigen und mit Netzbeschr\u00e4nkungen umgehen wollen.","og_url":"https:\/\/wattstor.marketingpod.dev\/de\/wie-wir-helfen\/","og_site_name":"Wattstor","article_modified_time":"2025-08-20T07:28:58+00:00","og_image":[{"width":1440,"height":820,"url":"https:\/\/wattstor.marketingpod.dev\/wp-content\/uploads\/2021\/08\/Our_Solutions_Header_Image_1440x820.jpg","type":"image\/jpeg"}],"twitter_card":"summary_large_image","schema":{"@context":"https:\/\/schema.org","@graph":[{"@type":"WebPage","@id":"https:\/\/wattstor.marketingpod.dev\/de\/wie-wir-helfen\/","url":"https:\/\/wattstor.marketingpod.dev\/de\/wie-wir-helfen\/","name":"H\u00e4ufige Energieprobleme, die wir l\u00f6sen | Wattstor","isPartOf":{"@id":"https:\/\/wattstor.marketingpod.dev\/de\/#website"},"datePublished":"2023-08-22T22:01:52+00:00","dateModified":"2025-08-20T07:28:58+00:00","description":"Erfahren Sie mehr \u00fcber die Probleme, die wir f\u00fcr Unternehmen l\u00f6sen, die ihre Kosten senken, ihre Net-Zero-Strategie beschleunigen und mit Netzbeschr\u00e4nkungen umgehen wollen.","breadcrumb":{"@id":"https:\/\/wattstor.marketingpod.dev\/de\/wie-wir-helfen\/#breadcrumb"},"inLanguage":"de","potentialAction":[{"@type":"ReadAction","target":["https:\/\/wattstor.marketingpod.dev\/de\/wie-wir-helfen\/"]}]},{"@type":"BreadcrumbList","@id":"https:\/\/wattstor.marketingpod.dev\/de\/wie-wir-helfen\/#breadcrumb","itemListElement":[{"@type":"ListItem","position":1,"name":"Home","item":"https:\/\/wattstor.marketingpod.dev\/de\/"},{"@type":"ListItem","position":2,"name":"Wie Wir Helfen"}]},{"@type":"WebSite","@id":"https:\/\/wattstor.marketingpod.dev\/de\/#website","url":"https:\/\/wattstor.marketingpod.dev\/de\/","name":"Wattstor","description":"Wattstor delivers intelligent energy management solutions for renewables, storage and EV charging on industrial and commercial sites.","potentialAction":[{"@type":"SearchAction","target":{"@type":"EntryPoint","urlTemplate":"https:\/\/wattstor.marketingpod.dev\/de\/?s={search_term_string}"},"query-input":{"@type":"PropertyValueSpecification","valueRequired":true,"valueName":"search_term_string"}}],"inLanguage":"de"}]}},"_links":{"self":[{"href":"https:\/\/wattstor.marketingpod.dev\/de\/wp-json\/wp\/v2\/pages\/3540","targetHints":{"allow":["GET"]}}],"collection":[{"href":"https:\/\/wattstor.marketingpod.dev\/de\/wp-json\/wp\/v2\/pages"}],"about":[{"href":"https:\/\/wattstor.marketingpod.dev\/de\/wp-json\/wp\/v2\/types\/page"}],"author":[{"embeddable":true,"href":"https:\/\/wattstor.marketingpod.dev\/de\/wp-json\/wp\/v2\/users\/30"}],"replies":[{"embeddable":true,"href":"https:\/\/wattstor.marketingpod.dev\/de\/wp-json\/wp\/v2\/comments?post=3540"}],"version-history":[{"count":0,"href":"https:\/\/wattstor.marketingpod.dev\/de\/wp-json\/wp\/v2\/pages\/3540\/revisions"}],"wp:attachment":[{"href":"https:\/\/wattstor.marketingpod.dev\/de\/wp-json\/wp\/v2\/media?parent=3540"}],"curies":[{"name":"wp","href":"https:\/\/api.w.org\/{rel}","templated":true}]}}