{"id":3453,"date":"2024-12-11T18:05:31","date_gmt":"2024-12-11T18:05:31","guid":{"rendered":"https:\/\/wattstor.com\/grid-constraints\/"},"modified":"2025-05-05T15:02:20","modified_gmt":"2025-05-05T15:02:20","slug":"gitternetz-einschraenkungen","status":"publish","type":"page","link":"https:\/\/wattstor.marketingpod.dev\/de\/gitternetz-einschraenkungen\/","title":{"rendered":"\u00dcberwinden von Netzbeschr\u00e4nkungen"},"content":{"rendered":"","protected":false},"excerpt":{"rendered":"","protected":false},"author":23,"featured_media":0,"parent":0,"menu_order":0,"comment_status":"closed","ping_status":"closed","template":"template-flexible-content.php","meta":{"_acf_changed":false,"inline_featured_image":false,"footnotes":""},"class_list":["post-3453","page","type-page","status-publish","hentry"],"acf":[],"yoast_head":"<!-- This site is optimized with the Yoast SEO plugin v27.4 - https:\/\/yoast.com\/product\/yoast-seo-wordpress\/ -->\n<title>Wie wir helfen | Netzbeschr\u00e4nkungen zu \u00fcberwinden<\/title>\n<meta name=\"description\" content=\"Probleme mit dem Stromnetz beeintr\u00e4chtigen derzeit die Unternehmen in ganz Europa. Erfahren Sie, wie Sie diese Herausforderung mit einer DC-gekoppelten L\u00f6sung meistern k\u00f6nnen.\" \/>\n<meta name=\"robots\" content=\"noindex, follow, max-snippet:-1, max-image-preview:large, max-video-preview:-1\" \/>\n<meta property=\"og:locale\" content=\"de_DE\" \/>\n<meta property=\"og:type\" content=\"article\" \/>\n<meta property=\"og:title\" content=\"Wie wir helfen | Netzbeschr\u00e4nkungen zu \u00fcberwinden\" \/>\n<meta property=\"og:description\" content=\"Probleme mit dem Stromnetz beeintr\u00e4chtigen derzeit die Unternehmen in ganz Europa. Erfahren Sie, wie Sie diese Herausforderung mit einer DC-gekoppelten L\u00f6sung meistern k\u00f6nnen.\" \/>\n<meta property=\"og:url\" content=\"https:\/\/wattstor.marketingpod.dev\/de\/gitternetz-einschraenkungen\/\" \/>\n<meta property=\"og:site_name\" content=\"Wattstor\" \/>\n<meta property=\"article:modified_time\" content=\"2025-05-05T15:02:20+00:00\" \/>\n<meta name=\"twitter:card\" content=\"summary_large_image\" \/>\n<!-- \/ Yoast SEO plugin. -->","yoast_head_json":{"title":"Wie wir helfen | Netzbeschr\u00e4nkungen zu \u00fcberwinden","description":"Probleme mit dem Stromnetz beeintr\u00e4chtigen derzeit die Unternehmen in ganz Europa. Erfahren Sie, wie Sie diese Herausforderung mit einer DC-gekoppelten L\u00f6sung meistern k\u00f6nnen.","robots":{"index":"noindex","follow":"follow","max-snippet":"max-snippet:-1","max-image-preview":"max-image-preview:large","max-video-preview":"max-video-preview:-1"},"og_locale":"de_DE","og_type":"article","og_title":"Wie wir helfen | Netzbeschr\u00e4nkungen zu \u00fcberwinden","og_description":"Probleme mit dem Stromnetz beeintr\u00e4chtigen derzeit die Unternehmen in ganz Europa. Erfahren Sie, wie Sie diese Herausforderung mit einer DC-gekoppelten L\u00f6sung meistern k\u00f6nnen.","og_url":"https:\/\/wattstor.marketingpod.dev\/de\/gitternetz-einschraenkungen\/","og_site_name":"Wattstor","article_modified_time":"2025-05-05T15:02:20+00:00","twitter_card":"summary_large_image","schema":{"@context":"https:\/\/schema.org","@graph":[{"@type":"WebPage","@id":"https:\/\/wattstor.marketingpod.dev\/de\/gitternetz-einschraenkungen\/","url":"https:\/\/wattstor.marketingpod.dev\/de\/gitternetz-einschraenkungen\/","name":"Wie wir helfen | Netzbeschr\u00e4nkungen zu \u00fcberwinden","isPartOf":{"@id":"https:\/\/wattstor.marketingpod.dev\/de\/#website"},"datePublished":"2024-12-11T18:05:31+00:00","dateModified":"2025-05-05T15:02:20+00:00","description":"Probleme mit dem Stromnetz beeintr\u00e4chtigen derzeit die Unternehmen in ganz Europa. Erfahren Sie, wie Sie diese Herausforderung mit einer DC-gekoppelten L\u00f6sung meistern k\u00f6nnen.","breadcrumb":{"@id":"https:\/\/wattstor.marketingpod.dev\/de\/gitternetz-einschraenkungen\/#breadcrumb"},"inLanguage":"de","potentialAction":[{"@type":"ReadAction","target":["https:\/\/wattstor.marketingpod.dev\/de\/gitternetz-einschraenkungen\/"]}]},{"@type":"BreadcrumbList","@id":"https:\/\/wattstor.marketingpod.dev\/de\/gitternetz-einschraenkungen\/#breadcrumb","itemListElement":[{"@type":"ListItem","position":1,"name":"Home","item":"https:\/\/wattstor.marketingpod.dev\/de\/"},{"@type":"ListItem","position":2,"name":"\u00dcberwinden von Netzbeschr\u00e4nkungen"}]},{"@type":"WebSite","@id":"https:\/\/wattstor.marketingpod.dev\/de\/#website","url":"https:\/\/wattstor.marketingpod.dev\/de\/","name":"Wattstor","description":"Wattstor delivers intelligent energy management solutions for renewables, storage and EV charging on industrial and commercial sites.","potentialAction":[{"@type":"SearchAction","target":{"@type":"EntryPoint","urlTemplate":"https:\/\/wattstor.marketingpod.dev\/de\/?s={search_term_string}"},"query-input":{"@type":"PropertyValueSpecification","valueRequired":true,"valueName":"search_term_string"}}],"inLanguage":"de"}]}},"_links":{"self":[{"href":"https:\/\/wattstor.marketingpod.dev\/de\/wp-json\/wp\/v2\/pages\/3453","targetHints":{"allow":["GET"]}}],"collection":[{"href":"https:\/\/wattstor.marketingpod.dev\/de\/wp-json\/wp\/v2\/pages"}],"about":[{"href":"https:\/\/wattstor.marketingpod.dev\/de\/wp-json\/wp\/v2\/types\/page"}],"author":[{"embeddable":true,"href":"https:\/\/wattstor.marketingpod.dev\/de\/wp-json\/wp\/v2\/users\/23"}],"replies":[{"embeddable":true,"href":"https:\/\/wattstor.marketingpod.dev\/de\/wp-json\/wp\/v2\/comments?post=3453"}],"version-history":[{"count":0,"href":"https:\/\/wattstor.marketingpod.dev\/de\/wp-json\/wp\/v2\/pages\/3453\/revisions"}],"wp:attachment":[{"href":"https:\/\/wattstor.marketingpod.dev\/de\/wp-json\/wp\/v2\/media?parent=3453"}],"curies":[{"name":"wp","href":"https:\/\/api.w.org\/{rel}","templated":true}]}}