{"id":3451,"date":"2024-12-11T17:57:48","date_gmt":"2024-12-11T17:57:48","guid":{"rendered":"https:\/\/wattstor.com\/reach-net-zero\/"},"modified":"2025-08-13T09:44:59","modified_gmt":"2025-08-13T09:44:59","slug":"netto-null-erreichen","status":"publish","type":"page","link":"https:\/\/wattstor.marketingpod.dev\/de\/netto-null-erreichen\/","title":{"rendered":"Netto-Null erreichen"},"content":{"rendered":"","protected":false},"excerpt":{"rendered":"","protected":false},"author":23,"featured_media":0,"parent":0,"menu_order":0,"comment_status":"closed","ping_status":"closed","template":"template-flexible-content.php","meta":{"_acf_changed":false,"inline_featured_image":false,"footnotes":""},"class_list":["post-3451","page","type-page","status-publish","hentry"],"acf":[],"yoast_head":"<!-- This site is optimized with the Yoast SEO plugin v27.4 - https:\/\/yoast.com\/product\/yoast-seo-wordpress\/ -->\n<title>Netto-Null-Ziel erreichen mit Wattstor | F\u00fcr Industrie &amp; Gewerbe<\/title>\n<meta name=\"description\" content=\"Unternehmen mit Netto-Null-Ziel m\u00fcssen f\u00fcr die Zukunft planen &amp; erneuerbare Energien an ihrem Standort maximieren. Jetzt informieren...\" \/>\n<meta name=\"robots\" content=\"noindex, follow, max-snippet:-1, max-image-preview:large, max-video-preview:-1\" \/>\n<meta property=\"og:locale\" content=\"de_DE\" \/>\n<meta property=\"og:type\" content=\"article\" \/>\n<meta property=\"og:title\" content=\"Wie wir helfen | Net Zero zu erreichen\" \/>\n<meta property=\"og:description\" content=\"Unternehmen, die an ihrem Standort ein Netto-Null-Niveau erreichen wollen, m\u00fcssen f\u00fcr die Zukunft planen und die erneuerbaren Energien an ihrem Standort maximieren, sto\u00dfen jedoch auf zahlreiche Herausforderungen\" \/>\n<meta property=\"og:url\" content=\"https:\/\/wattstor.marketingpod.dev\/de\/netto-null-erreichen\/\" \/>\n<meta property=\"og:site_name\" content=\"Wattstor\" \/>\n<meta property=\"article:modified_time\" content=\"2025-08-13T09:44:59+00:00\" \/>\n<meta name=\"twitter:card\" content=\"summary_large_image\" \/>\n<!-- \/ Yoast SEO plugin. -->","yoast_head_json":{"title":"Netto-Null-Ziel erreichen mit Wattstor | F\u00fcr Industrie & Gewerbe","description":"Unternehmen mit Netto-Null-Ziel m\u00fcssen f\u00fcr die Zukunft planen & erneuerbare Energien an ihrem Standort maximieren. Jetzt informieren...","robots":{"index":"noindex","follow":"follow","max-snippet":"max-snippet:-1","max-image-preview":"max-image-preview:large","max-video-preview":"max-video-preview:-1"},"og_locale":"de_DE","og_type":"article","og_title":"Wie wir helfen | Net Zero zu erreichen","og_description":"Unternehmen, die an ihrem Standort ein Netto-Null-Niveau erreichen wollen, m\u00fcssen f\u00fcr die Zukunft planen und die erneuerbaren Energien an ihrem Standort maximieren, sto\u00dfen jedoch auf zahlreiche Herausforderungen","og_url":"https:\/\/wattstor.marketingpod.dev\/de\/netto-null-erreichen\/","og_site_name":"Wattstor","article_modified_time":"2025-08-13T09:44:59+00:00","twitter_card":"summary_large_image","schema":{"@context":"https:\/\/schema.org","@graph":[{"@type":"WebPage","@id":"https:\/\/wattstor.marketingpod.dev\/de\/netto-null-erreichen\/","url":"https:\/\/wattstor.marketingpod.dev\/de\/netto-null-erreichen\/","name":"Netto-Null-Ziel erreichen mit Wattstor | F\u00fcr Industrie & Gewerbe","isPartOf":{"@id":"https:\/\/wattstor.marketingpod.dev\/de\/#website"},"datePublished":"2024-12-11T17:57:48+00:00","dateModified":"2025-08-13T09:44:59+00:00","description":"Unternehmen mit Netto-Null-Ziel m\u00fcssen f\u00fcr die Zukunft planen & erneuerbare Energien an ihrem Standort maximieren. Jetzt informieren...","breadcrumb":{"@id":"https:\/\/wattstor.marketingpod.dev\/de\/netto-null-erreichen\/#breadcrumb"},"inLanguage":"de","potentialAction":[{"@type":"ReadAction","target":["https:\/\/wattstor.marketingpod.dev\/de\/netto-null-erreichen\/"]}]},{"@type":"BreadcrumbList","@id":"https:\/\/wattstor.marketingpod.dev\/de\/netto-null-erreichen\/#breadcrumb","itemListElement":[{"@type":"ListItem","position":1,"name":"Home","item":"https:\/\/wattstor.marketingpod.dev\/de\/"},{"@type":"ListItem","position":2,"name":"Netto-Null erreichen"}]},{"@type":"WebSite","@id":"https:\/\/wattstor.marketingpod.dev\/de\/#website","url":"https:\/\/wattstor.marketingpod.dev\/de\/","name":"Wattstor","description":"Wattstor delivers intelligent energy management solutions for renewables, storage and EV charging on industrial and commercial sites.","potentialAction":[{"@type":"SearchAction","target":{"@type":"EntryPoint","urlTemplate":"https:\/\/wattstor.marketingpod.dev\/de\/?s={search_term_string}"},"query-input":{"@type":"PropertyValueSpecification","valueRequired":true,"valueName":"search_term_string"}}],"inLanguage":"de"}]}},"_links":{"self":[{"href":"https:\/\/wattstor.marketingpod.dev\/de\/wp-json\/wp\/v2\/pages\/3451","targetHints":{"allow":["GET"]}}],"collection":[{"href":"https:\/\/wattstor.marketingpod.dev\/de\/wp-json\/wp\/v2\/pages"}],"about":[{"href":"https:\/\/wattstor.marketingpod.dev\/de\/wp-json\/wp\/v2\/types\/page"}],"author":[{"embeddable":true,"href":"https:\/\/wattstor.marketingpod.dev\/de\/wp-json\/wp\/v2\/users\/23"}],"replies":[{"embeddable":true,"href":"https:\/\/wattstor.marketingpod.dev\/de\/wp-json\/wp\/v2\/comments?post=3451"}],"version-history":[{"count":0,"href":"https:\/\/wattstor.marketingpod.dev\/de\/wp-json\/wp\/v2\/pages\/3451\/revisions"}],"wp:attachment":[{"href":"https:\/\/wattstor.marketingpod.dev\/de\/wp-json\/wp\/v2\/media?parent=3451"}],"curies":[{"name":"wp","href":"https:\/\/api.w.org\/{rel}","templated":true}]}}