{"id":3447,"date":"2024-12-11T17:55:49","date_gmt":"2024-12-11T17:55:49","guid":{"rendered":"https:\/\/wattstor.com\/fleet-electrification-focus\/"},"modified":"2025-08-13T09:39:39","modified_gmt":"2025-08-13T09:39:39","slug":"elektrifizierung-der-flotte","status":"publish","type":"page","link":"https:\/\/wattstor.marketingpod.dev\/de\/elektrifizierung-der-flotte\/","title":{"rendered":"Elektrifizierung der Flotte"},"content":{"rendered":"","protected":false},"excerpt":{"rendered":"","protected":false},"author":23,"featured_media":2953,"parent":0,"menu_order":0,"comment_status":"closed","ping_status":"closed","template":"template-flexible-content.php","meta":{"_acf_changed":false,"inline_featured_image":false,"footnotes":""},"class_list":["post-3447","page","type-page","status-publish","has-post-thumbnail","hentry"],"acf":[],"yoast_head":"<!-- This site is optimized with the Yoast SEO plugin v27.4 - https:\/\/yoast.com\/product\/yoast-seo-wordpress\/ -->\n<title>Fuhrpark auf E-Autos umr\u00fcsten | Flottenelektrifizierung mit Wattstor<\/title>\n<meta name=\"description\" content=\"Die Elektrifizierung des Fuhrparks bringt g\u00fcnstige Mobilit\u00e4t, doch einige Herausforderungen sind zu meistern. Jetzt informieren...\" \/>\n<meta name=\"robots\" content=\"noindex, follow, max-snippet:-1, max-image-preview:large, max-video-preview:-1\" \/>\n<meta property=\"og:locale\" content=\"de_DE\" \/>\n<meta property=\"og:type\" content=\"article\" \/>\n<meta property=\"og:title\" content=\"Wie wir helfen | Flottenelektrifizierung\" \/>\n<meta property=\"og:description\" content=\"Die Elektrifizierung des Fuhrparks wird schnell zu einer gesch\u00e4ftlichen Priorit\u00e4t, doch viele Herausforderungen stehen einer schnellen Einf\u00fchrung im Weg. Sind Sie bereit?\" \/>\n<meta property=\"og:url\" content=\"https:\/\/wattstor.marketingpod.dev\/de\/elektrifizierung-der-flotte\/\" \/>\n<meta property=\"og:site_name\" content=\"Wattstor\" \/>\n<meta property=\"article:modified_time\" content=\"2025-08-13T09:39:39+00:00\" \/>\n<meta property=\"og:image\" content=\"https:\/\/wattstor.marketingpod.dev\/wp-content\/uploads\/2024\/11\/Fleet-electrification-hero-video-frame-at-0m0s.jpg\" \/>\n\t<meta property=\"og:image:width\" content=\"1920\" \/>\n\t<meta property=\"og:image:height\" content=\"1080\" \/>\n\t<meta property=\"og:image:type\" content=\"image\/jpeg\" \/>\n<meta name=\"twitter:card\" content=\"summary_large_image\" \/>\n<!-- \/ Yoast SEO plugin. -->","yoast_head_json":{"title":"Fuhrpark auf E-Autos umr\u00fcsten | Flottenelektrifizierung mit Wattstor","description":"Die Elektrifizierung des Fuhrparks bringt g\u00fcnstige Mobilit\u00e4t, doch einige Herausforderungen sind zu meistern. Jetzt informieren...","robots":{"index":"noindex","follow":"follow","max-snippet":"max-snippet:-1","max-image-preview":"max-image-preview:large","max-video-preview":"max-video-preview:-1"},"og_locale":"de_DE","og_type":"article","og_title":"Wie wir helfen | Flottenelektrifizierung","og_description":"Die Elektrifizierung des Fuhrparks wird schnell zu einer gesch\u00e4ftlichen Priorit\u00e4t, doch viele Herausforderungen stehen einer schnellen Einf\u00fchrung im Weg. Sind Sie bereit?","og_url":"https:\/\/wattstor.marketingpod.dev\/de\/elektrifizierung-der-flotte\/","og_site_name":"Wattstor","article_modified_time":"2025-08-13T09:39:39+00:00","og_image":[{"width":1920,"height":1080,"url":"https:\/\/wattstor.marketingpod.dev\/wp-content\/uploads\/2024\/11\/Fleet-electrification-hero-video-frame-at-0m0s.jpg","type":"image\/jpeg"}],"twitter_card":"summary_large_image","schema":{"@context":"https:\/\/schema.org","@graph":[{"@type":"WebPage","@id":"https:\/\/wattstor.marketingpod.dev\/de\/elektrifizierung-der-flotte\/","url":"https:\/\/wattstor.marketingpod.dev\/de\/elektrifizierung-der-flotte\/","name":"Fuhrpark auf E-Autos umr\u00fcsten | Flottenelektrifizierung mit Wattstor","isPartOf":{"@id":"https:\/\/wattstor.marketingpod.dev\/de\/#website"},"primaryImageOfPage":{"@id":"https:\/\/wattstor.marketingpod.dev\/de\/elektrifizierung-der-flotte\/#primaryimage"},"image":{"@id":"https:\/\/wattstor.marketingpod.dev\/de\/elektrifizierung-der-flotte\/#primaryimage"},"thumbnailUrl":"https:\/\/wattstor.marketingpod.dev\/wp-content\/uploads\/2024\/11\/Fleet-electrification-hero-video-frame-at-0m0s.jpg","datePublished":"2024-12-11T17:55:49+00:00","dateModified":"2025-08-13T09:39:39+00:00","description":"Die Elektrifizierung des Fuhrparks bringt g\u00fcnstige Mobilit\u00e4t, doch einige Herausforderungen sind zu meistern. Jetzt informieren...","breadcrumb":{"@id":"https:\/\/wattstor.marketingpod.dev\/de\/elektrifizierung-der-flotte\/#breadcrumb"},"inLanguage":"de","potentialAction":[{"@type":"ReadAction","target":["https:\/\/wattstor.marketingpod.dev\/de\/elektrifizierung-der-flotte\/"]}]},{"@type":"ImageObject","inLanguage":"de","@id":"https:\/\/wattstor.marketingpod.dev\/de\/elektrifizierung-der-flotte\/#primaryimage","url":"https:\/\/wattstor.marketingpod.dev\/wp-content\/uploads\/2024\/11\/Fleet-electrification-hero-video-frame-at-0m0s.jpg","contentUrl":"https:\/\/wattstor.marketingpod.dev\/wp-content\/uploads\/2024\/11\/Fleet-electrification-hero-video-frame-at-0m0s.jpg","width":1920,"height":1080},{"@type":"BreadcrumbList","@id":"https:\/\/wattstor.marketingpod.dev\/de\/elektrifizierung-der-flotte\/#breadcrumb","itemListElement":[{"@type":"ListItem","position":1,"name":"Home","item":"https:\/\/wattstor.marketingpod.dev\/de\/"},{"@type":"ListItem","position":2,"name":"Elektrifizierung der Flotte"}]},{"@type":"WebSite","@id":"https:\/\/wattstor.marketingpod.dev\/de\/#website","url":"https:\/\/wattstor.marketingpod.dev\/de\/","name":"Wattstor","description":"Wattstor delivers intelligent energy management solutions for renewables, storage and EV charging on industrial and commercial sites.","potentialAction":[{"@type":"SearchAction","target":{"@type":"EntryPoint","urlTemplate":"https:\/\/wattstor.marketingpod.dev\/de\/?s={search_term_string}"},"query-input":{"@type":"PropertyValueSpecification","valueRequired":true,"valueName":"search_term_string"}}],"inLanguage":"de"}]}},"_links":{"self":[{"href":"https:\/\/wattstor.marketingpod.dev\/de\/wp-json\/wp\/v2\/pages\/3447","targetHints":{"allow":["GET"]}}],"collection":[{"href":"https:\/\/wattstor.marketingpod.dev\/de\/wp-json\/wp\/v2\/pages"}],"about":[{"href":"https:\/\/wattstor.marketingpod.dev\/de\/wp-json\/wp\/v2\/types\/page"}],"author":[{"embeddable":true,"href":"https:\/\/wattstor.marketingpod.dev\/de\/wp-json\/wp\/v2\/users\/23"}],"replies":[{"embeddable":true,"href":"https:\/\/wattstor.marketingpod.dev\/de\/wp-json\/wp\/v2\/comments?post=3447"}],"version-history":[{"count":0,"href":"https:\/\/wattstor.marketingpod.dev\/de\/wp-json\/wp\/v2\/pages\/3447\/revisions"}],"wp:featuredmedia":[{"embeddable":true,"href":"https:\/\/wattstor.marketingpod.dev\/de\/wp-json\/wp\/v2\/media\/2953"}],"wp:attachment":[{"href":"https:\/\/wattstor.marketingpod.dev\/de\/wp-json\/wp\/v2\/media?parent=3447"}],"curies":[{"name":"wp","href":"https:\/\/api.w.org\/{rel}","templated":true}]}}