{"id":4410,"date":"2025-06-12T16:04:58","date_gmt":"2025-06-12T16:04:58","guid":{"rendered":"https:\/\/wattstor.com\/?page_id=4410"},"modified":"2025-12-11T12:22:44","modified_gmt":"2025-12-11T12:22:44","slug":"kontakt","status":"publish","type":"page","link":"https:\/\/wattstor.marketingpod.dev\/cs\/kontakt\/","title":{"rendered":"Kontakt"},"content":{"rendered":"","protected":false},"excerpt":{"rendered":"","protected":false},"author":33,"featured_media":0,"parent":0,"menu_order":0,"comment_status":"closed","ping_status":"closed","template":"template-flexible-content.php","meta":{"_acf_changed":false,"inline_featured_image":false,"footnotes":""},"class_list":["post-4410","page","type-page","status-publish","hentry"],"acf":[],"yoast_head":"<!-- This site is optimized with the Yoast SEO plugin v27.4 - https:\/\/yoast.com\/product\/yoast-seo-wordpress\/ -->\n<title>Kontaktujte n\u00e1s | Wattstor<\/title>\n<meta name=\"description\" content=\"Wattstor kontakt: Wattstor s.r.o., \u010cechy\u0148sk\u00e1 547\/5, 602 00 Brno. Odbyt: +420 608 641 070, sales@wattstor.com.\" \/>\n<meta name=\"robots\" content=\"noindex, follow, max-snippet:-1, max-image-preview:large, max-video-preview:-1\" \/>\n<meta property=\"og:locale\" content=\"cs_CZ\" \/>\n<meta property=\"og:type\" content=\"article\" \/>\n<meta property=\"og:title\" content=\"Kontaktujte n\u00e1s | Wattstor\" \/>\n<meta property=\"og:description\" content=\"Wattstor kontakt: Wattstor s.r.o., \u010cechy\u0148sk\u00e1 547\/5, 602 00 Brno. Odbyt: +420 608 641 070, sales@wattstor.com.\" \/>\n<meta property=\"og:url\" content=\"https:\/\/wattstor.marketingpod.dev\/cs\/kontakt\/\" \/>\n<meta property=\"og:site_name\" content=\"Wattstor\" \/>\n<meta property=\"article:modified_time\" content=\"2025-12-11T12:22:44+00:00\" \/>\n<meta property=\"og:image\" content=\"https:\/\/wattstor.marketingpod.dev\/wp-content\/uploads\/2025\/06\/Wattstor-contact-2-scaled.jpg\" \/>\n\t<meta property=\"og:image:width\" content=\"2160\" \/>\n\t<meta property=\"og:image:height\" content=\"1013\" \/>\n\t<meta property=\"og:image:type\" content=\"image\/jpeg\" \/>\n<meta name=\"twitter:card\" content=\"summary_large_image\" \/>\n<!-- \/ Yoast SEO plugin. -->","yoast_head_json":{"title":"Kontaktujte n\u00e1s | Wattstor","description":"Wattstor kontakt: Wattstor s.r.o., \u010cechy\u0148sk\u00e1 547\/5, 602 00 Brno. Odbyt: +420 608 641 070, sales@wattstor.com.","robots":{"index":"noindex","follow":"follow","max-snippet":"max-snippet:-1","max-image-preview":"max-image-preview:large","max-video-preview":"max-video-preview:-1"},"og_locale":"cs_CZ","og_type":"article","og_title":"Kontaktujte n\u00e1s | Wattstor","og_description":"Wattstor kontakt: Wattstor s.r.o., \u010cechy\u0148sk\u00e1 547\/5, 602 00 Brno. Odbyt: +420 608 641 070, sales@wattstor.com.","og_url":"https:\/\/wattstor.marketingpod.dev\/cs\/kontakt\/","og_site_name":"Wattstor","article_modified_time":"2025-12-11T12:22:44+00:00","og_image":[{"width":2160,"height":1013,"url":"https:\/\/wattstor.marketingpod.dev\/wp-content\/uploads\/2025\/06\/Wattstor-contact-2-scaled.jpg","type":"image\/jpeg"}],"twitter_card":"summary_large_image","schema":{"@context":"https:\/\/schema.org","@graph":[{"@type":"WebPage","@id":"https:\/\/wattstor.marketingpod.dev\/cs\/kontakt\/","url":"https:\/\/wattstor.marketingpod.dev\/cs\/kontakt\/","name":"Kontaktujte n\u00e1s | Wattstor","isPartOf":{"@id":"https:\/\/wattstor.marketingpod.dev\/cs\/#website"},"datePublished":"2025-06-12T16:04:58+00:00","dateModified":"2025-12-11T12:22:44+00:00","description":"Wattstor kontakt: Wattstor s.r.o., \u010cechy\u0148sk\u00e1 547\/5, 602 00 Brno. Odbyt: +420 608 641 070, sales@wattstor.com.","breadcrumb":{"@id":"https:\/\/wattstor.marketingpod.dev\/cs\/kontakt\/#breadcrumb"},"inLanguage":"cs","potentialAction":[{"@type":"ReadAction","target":["https:\/\/wattstor.marketingpod.dev\/cs\/kontakt\/"]}]},{"@type":"BreadcrumbList","@id":"https:\/\/wattstor.marketingpod.dev\/cs\/kontakt\/#breadcrumb","itemListElement":[{"@type":"ListItem","position":1,"name":"Home","item":"https:\/\/wattstor.marketingpod.dev\/cs\/"},{"@type":"ListItem","position":2,"name":"Kontakt"}]},{"@type":"WebSite","@id":"https:\/\/wattstor.marketingpod.dev\/cs\/#website","url":"https:\/\/wattstor.marketingpod.dev\/cs\/","name":"Wattstor","description":"Wattstor delivers intelligent energy management solutions for renewables, storage and EV charging on industrial and commercial sites.","potentialAction":[{"@type":"SearchAction","target":{"@type":"EntryPoint","urlTemplate":"https:\/\/wattstor.marketingpod.dev\/cs\/?s={search_term_string}"},"query-input":{"@type":"PropertyValueSpecification","valueRequired":true,"valueName":"search_term_string"}}],"inLanguage":"cs"}]}},"_links":{"self":[{"href":"https:\/\/wattstor.marketingpod.dev\/cs\/wp-json\/wp\/v2\/pages\/4410","targetHints":{"allow":["GET"]}}],"collection":[{"href":"https:\/\/wattstor.marketingpod.dev\/cs\/wp-json\/wp\/v2\/pages"}],"about":[{"href":"https:\/\/wattstor.marketingpod.dev\/cs\/wp-json\/wp\/v2\/types\/page"}],"author":[{"embeddable":true,"href":"https:\/\/wattstor.marketingpod.dev\/cs\/wp-json\/wp\/v2\/users\/33"}],"replies":[{"embeddable":true,"href":"https:\/\/wattstor.marketingpod.dev\/cs\/wp-json\/wp\/v2\/comments?post=4410"}],"version-history":[{"count":0,"href":"https:\/\/wattstor.marketingpod.dev\/cs\/wp-json\/wp\/v2\/pages\/4410\/revisions"}],"wp:attachment":[{"href":"https:\/\/wattstor.marketingpod.dev\/cs\/wp-json\/wp\/v2\/media?parent=4410"}],"curies":[{"name":"wp","href":"https:\/\/api.w.org\/{rel}","templated":true}]}}