{"id":3332,"date":"2024-02-13T11:23:58","date_gmt":"2024-02-13T11:23:58","guid":{"rendered":"https:\/\/wattstor.com\/?page_id=3332"},"modified":"2025-01-16T13:33:01","modified_gmt":"2025-01-16T13:33:01","slug":"pruvodce-systemy-obnovitelne-energie","status":"publish","type":"page","link":"https:\/\/wattstor.marketingpod.dev\/cs\/pruvodce-systemy-obnovitelne-energie\/","title":{"rendered":"Pr\u016fvodce syst\u00e9my obnoviteln\u00e9 energie"},"content":{"rendered":"","protected":false},"excerpt":{"rendered":"","protected":false},"author":18,"featured_media":0,"parent":0,"menu_order":0,"comment_status":"closed","ping_status":"closed","template":"template-landing-page.php","meta":{"_acf_changed":false,"inline_featured_image":false,"footnotes":""},"class_list":["post-3332","page","type-page","status-publish","hentry"],"acf":[],"yoast_head":"<!-- This site is optimized with the Yoast SEO plugin v27.4 - https:\/\/yoast.com\/product\/yoast-seo-wordpress\/ -->\n<title>Pr\u016fvodce syst\u00e9my obnoviteln\u00e9 energie - Wattstor<\/title>\n<meta name=\"robots\" content=\"noindex, follow, max-snippet:-1, max-image-preview:large, max-video-preview:-1\" \/>\n<meta property=\"og:locale\" content=\"cs_CZ\" \/>\n<meta property=\"og:type\" content=\"article\" \/>\n<meta property=\"og:title\" content=\"Pr\u016fvodce syst\u00e9my obnoviteln\u00e9 energie - Wattstor\" \/>\n<meta property=\"og:url\" content=\"https:\/\/wattstor.marketingpod.dev\/cs\/pruvodce-systemy-obnovitelne-energie\/\" \/>\n<meta property=\"og:site_name\" content=\"Wattstor\" \/>\n<meta property=\"article:modified_time\" content=\"2025-01-16T13:33:01+00:00\" \/>\n<meta name=\"twitter:card\" content=\"summary_large_image\" \/>\n<!-- \/ Yoast SEO plugin. -->","yoast_head_json":{"title":"Pr\u016fvodce syst\u00e9my obnoviteln\u00e9 energie - Wattstor","robots":{"index":"noindex","follow":"follow","max-snippet":"max-snippet:-1","max-image-preview":"max-image-preview:large","max-video-preview":"max-video-preview:-1"},"og_locale":"cs_CZ","og_type":"article","og_title":"Pr\u016fvodce syst\u00e9my obnoviteln\u00e9 energie - Wattstor","og_url":"https:\/\/wattstor.marketingpod.dev\/cs\/pruvodce-systemy-obnovitelne-energie\/","og_site_name":"Wattstor","article_modified_time":"2025-01-16T13:33:01+00:00","twitter_card":"summary_large_image","schema":{"@context":"https:\/\/schema.org","@graph":[{"@type":"WebPage","@id":"https:\/\/wattstor.marketingpod.dev\/cs\/pruvodce-systemy-obnovitelne-energie\/","url":"https:\/\/wattstor.marketingpod.dev\/cs\/pruvodce-systemy-obnovitelne-energie\/","name":"Pr\u016fvodce syst\u00e9my obnoviteln\u00e9 energie - Wattstor","isPartOf":{"@id":"https:\/\/wattstor.marketingpod.dev\/cs\/#website"},"datePublished":"2024-02-13T11:23:58+00:00","dateModified":"2025-01-16T13:33:01+00:00","breadcrumb":{"@id":"https:\/\/wattstor.marketingpod.dev\/cs\/pruvodce-systemy-obnovitelne-energie\/#breadcrumb"},"inLanguage":"cs","potentialAction":[{"@type":"ReadAction","target":["https:\/\/wattstor.marketingpod.dev\/cs\/pruvodce-systemy-obnovitelne-energie\/"]}]},{"@type":"BreadcrumbList","@id":"https:\/\/wattstor.marketingpod.dev\/cs\/pruvodce-systemy-obnovitelne-energie\/#breadcrumb","itemListElement":[{"@type":"ListItem","position":1,"name":"Home","item":"https:\/\/wattstor.marketingpod.dev\/cs\/"},{"@type":"ListItem","position":2,"name":"Pr\u016fvodce syst\u00e9my obnoviteln\u00e9 energie"}]},{"@type":"WebSite","@id":"https:\/\/wattstor.marketingpod.dev\/cs\/#website","url":"https:\/\/wattstor.marketingpod.dev\/cs\/","name":"Wattstor","description":"Wattstor delivers intelligent energy management solutions for renewables, storage and EV charging on industrial and commercial sites.","potentialAction":[{"@type":"SearchAction","target":{"@type":"EntryPoint","urlTemplate":"https:\/\/wattstor.marketingpod.dev\/cs\/?s={search_term_string}"},"query-input":{"@type":"PropertyValueSpecification","valueRequired":true,"valueName":"search_term_string"}}],"inLanguage":"cs"}]}},"_links":{"self":[{"href":"https:\/\/wattstor.marketingpod.dev\/cs\/wp-json\/wp\/v2\/pages\/3332","targetHints":{"allow":["GET"]}}],"collection":[{"href":"https:\/\/wattstor.marketingpod.dev\/cs\/wp-json\/wp\/v2\/pages"}],"about":[{"href":"https:\/\/wattstor.marketingpod.dev\/cs\/wp-json\/wp\/v2\/types\/page"}],"author":[{"embeddable":true,"href":"https:\/\/wattstor.marketingpod.dev\/cs\/wp-json\/wp\/v2\/users\/18"}],"replies":[{"embeddable":true,"href":"https:\/\/wattstor.marketingpod.dev\/cs\/wp-json\/wp\/v2\/comments?post=3332"}],"version-history":[{"count":0,"href":"https:\/\/wattstor.marketingpod.dev\/cs\/wp-json\/wp\/v2\/pages\/3332\/revisions"}],"wp:attachment":[{"href":"https:\/\/wattstor.marketingpod.dev\/cs\/wp-json\/wp\/v2\/media?parent=3332"}],"curies":[{"name":"wp","href":"https:\/\/api.w.org\/{rel}","templated":true}]}}