{"id":3314,"date":"2024-12-11T18:05:31","date_gmt":"2024-12-11T18:05:31","guid":{"rendered":"https:\/\/wattstor.com\/?page_id=3314"},"modified":"2025-01-24T09:00:22","modified_gmt":"2025-01-24T09:00:22","slug":"eliminace-limitu-pripojeni","status":"publish","type":"page","link":"https:\/\/wattstor.marketingpod.dev\/cs\/eliminace-limitu-pripojeni\/","title":{"rendered":"Eliminace limit\u016f p\u0159ipojen\u00ed"},"content":{"rendered":"","protected":false},"excerpt":{"rendered":"","protected":false},"author":28,"featured_media":0,"parent":0,"menu_order":0,"comment_status":"closed","ping_status":"closed","template":"template-flexible-content.php","meta":{"_acf_changed":false,"inline_featured_image":false,"footnotes":""},"class_list":["post-3314","page","type-page","status-publish","hentry"],"acf":[],"yoast_head":"<!-- This site is optimized with the Yoast SEO plugin v27.4 - https:\/\/yoast.com\/product\/yoast-seo-wordpress\/ -->\n<title>Eliminace limit\u016f p\u0159ipojen\u00ed<\/title>\n<meta name=\"description\" content=\"Probl\u00e9my s omezen\u00edm s\u00edt\u011b se dot\u00fdkaj\u00ed podnik\u016f v cel\u00e9 Evrop\u011b. Zjist\u011bte, jak tento probl\u00e9m p\u0159ekonat s DC coupled \u0159e\u0161en\u00edm...\" \/>\n<meta name=\"robots\" content=\"noindex, follow, max-snippet:-1, max-image-preview:large, max-video-preview:-1\" \/>\n<meta property=\"og:locale\" content=\"cs_CZ\" \/>\n<meta property=\"og:type\" content=\"article\" \/>\n<meta property=\"og:title\" content=\"Jak pom\u00e1h\u00e1me | P\u0159ekon\u00e1n\u00ed omezen\u00ed s\u00edt\u011b\" \/>\n<meta property=\"og:description\" content=\"Probl\u00e9my s omezen\u00edm s\u00edt\u011b se dot\u00fdkaj\u00ed podnik\u016f v cel\u00e9 Evrop\u011b. Zjist\u011bte, jak tento probl\u00e9m p\u0159ekonat \u0159e\u0161en\u00edm spojen\u00fdm se stejnosm\u011brn\u00fdm proudem.\" \/>\n<meta property=\"og:url\" content=\"https:\/\/wattstor.marketingpod.dev\/cs\/eliminace-limitu-pripojeni\/\" \/>\n<meta property=\"og:site_name\" content=\"Wattstor\" \/>\n<meta property=\"article:modified_time\" content=\"2025-01-24T09:00:22+00:00\" \/>\n<meta property=\"og:image\" content=\"https:\/\/wattstor.marketingpod.dev\/wp-content\/uploads\/2024\/11\/Grid-Constraints-Hero-Video-frame-at-0m0s.jpg\" \/>\n\t<meta property=\"og:image:width\" content=\"1920\" \/>\n\t<meta property=\"og:image:height\" content=\"1080\" \/>\n\t<meta property=\"og:image:type\" content=\"image\/jpeg\" \/>\n<meta name=\"twitter:card\" content=\"summary_large_image\" \/>\n<!-- \/ Yoast SEO plugin. -->","yoast_head_json":{"title":"Eliminace limit\u016f p\u0159ipojen\u00ed","description":"Probl\u00e9my s omezen\u00edm s\u00edt\u011b se dot\u00fdkaj\u00ed podnik\u016f v cel\u00e9 Evrop\u011b. Zjist\u011bte, jak tento probl\u00e9m p\u0159ekonat s DC coupled \u0159e\u0161en\u00edm...","robots":{"index":"noindex","follow":"follow","max-snippet":"max-snippet:-1","max-image-preview":"max-image-preview:large","max-video-preview":"max-video-preview:-1"},"og_locale":"cs_CZ","og_type":"article","og_title":"Jak pom\u00e1h\u00e1me | P\u0159ekon\u00e1n\u00ed omezen\u00ed s\u00edt\u011b","og_description":"Probl\u00e9my s omezen\u00edm s\u00edt\u011b se dot\u00fdkaj\u00ed podnik\u016f v cel\u00e9 Evrop\u011b. Zjist\u011bte, jak tento probl\u00e9m p\u0159ekonat \u0159e\u0161en\u00edm spojen\u00fdm se stejnosm\u011brn\u00fdm proudem.","og_url":"https:\/\/wattstor.marketingpod.dev\/cs\/eliminace-limitu-pripojeni\/","og_site_name":"Wattstor","article_modified_time":"2025-01-24T09:00:22+00:00","og_image":[{"width":1920,"height":1080,"url":"https:\/\/wattstor.marketingpod.dev\/wp-content\/uploads\/2024\/11\/Grid-Constraints-Hero-Video-frame-at-0m0s.jpg","type":"image\/jpeg"}],"twitter_card":"summary_large_image","schema":{"@context":"https:\/\/schema.org","@graph":[{"@type":"WebPage","@id":"https:\/\/wattstor.marketingpod.dev\/cs\/eliminace-limitu-pripojeni\/","url":"https:\/\/wattstor.marketingpod.dev\/cs\/eliminace-limitu-pripojeni\/","name":"Eliminace limit\u016f p\u0159ipojen\u00ed","isPartOf":{"@id":"https:\/\/wattstor.marketingpod.dev\/cs\/#website"},"datePublished":"2024-12-11T18:05:31+00:00","dateModified":"2025-01-24T09:00:22+00:00","description":"Probl\u00e9my s omezen\u00edm s\u00edt\u011b se dot\u00fdkaj\u00ed podnik\u016f v cel\u00e9 Evrop\u011b. Zjist\u011bte, jak tento probl\u00e9m p\u0159ekonat s DC coupled \u0159e\u0161en\u00edm...","breadcrumb":{"@id":"https:\/\/wattstor.marketingpod.dev\/cs\/eliminace-limitu-pripojeni\/#breadcrumb"},"inLanguage":"cs","potentialAction":[{"@type":"ReadAction","target":["https:\/\/wattstor.marketingpod.dev\/cs\/eliminace-limitu-pripojeni\/"]}]},{"@type":"BreadcrumbList","@id":"https:\/\/wattstor.marketingpod.dev\/cs\/eliminace-limitu-pripojeni\/#breadcrumb","itemListElement":[{"@type":"ListItem","position":1,"name":"Home","item":"https:\/\/wattstor.marketingpod.dev\/cs\/"},{"@type":"ListItem","position":2,"name":"Eliminace limit\u016f p\u0159ipojen\u00ed"}]},{"@type":"WebSite","@id":"https:\/\/wattstor.marketingpod.dev\/cs\/#website","url":"https:\/\/wattstor.marketingpod.dev\/cs\/","name":"Wattstor","description":"Wattstor delivers intelligent energy management solutions for renewables, storage and EV charging on industrial and commercial sites.","potentialAction":[{"@type":"SearchAction","target":{"@type":"EntryPoint","urlTemplate":"https:\/\/wattstor.marketingpod.dev\/cs\/?s={search_term_string}"},"query-input":{"@type":"PropertyValueSpecification","valueRequired":true,"valueName":"search_term_string"}}],"inLanguage":"cs"}]}},"_links":{"self":[{"href":"https:\/\/wattstor.marketingpod.dev\/cs\/wp-json\/wp\/v2\/pages\/3314","targetHints":{"allow":["GET"]}}],"collection":[{"href":"https:\/\/wattstor.marketingpod.dev\/cs\/wp-json\/wp\/v2\/pages"}],"about":[{"href":"https:\/\/wattstor.marketingpod.dev\/cs\/wp-json\/wp\/v2\/types\/page"}],"author":[{"embeddable":true,"href":"https:\/\/wattstor.marketingpod.dev\/cs\/wp-json\/wp\/v2\/users\/28"}],"replies":[{"embeddable":true,"href":"https:\/\/wattstor.marketingpod.dev\/cs\/wp-json\/wp\/v2\/comments?post=3314"}],"version-history":[{"count":0,"href":"https:\/\/wattstor.marketingpod.dev\/cs\/wp-json\/wp\/v2\/pages\/3314\/revisions"}],"wp:attachment":[{"href":"https:\/\/wattstor.marketingpod.dev\/cs\/wp-json\/wp\/v2\/media?parent=3314"}],"curies":[{"name":"wp","href":"https:\/\/api.w.org\/{rel}","templated":true}]}}