{"id":3313,"date":"2024-12-11T17:57:48","date_gmt":"2024-12-11T17:57:48","guid":{"rendered":"https:\/\/wattstor.com\/?page_id=3313"},"modified":"2025-01-17T08:04:32","modified_gmt":"2025-01-17T08:04:32","slug":"dosazeni-uhlikove-neutrality","status":"publish","type":"page","link":"https:\/\/wattstor.marketingpod.dev\/cs\/dosazeni-uhlikove-neutrality\/","title":{"rendered":"Dosa\u017een\u00ed uhl\u00edkov\u00e9 neutrality"},"content":{"rendered":"","protected":false},"excerpt":{"rendered":"","protected":false},"author":28,"featured_media":0,"parent":0,"menu_order":0,"comment_status":"closed","ping_status":"closed","template":"template-flexible-content.php","meta":{"_acf_changed":false,"inline_featured_image":false,"footnotes":""},"class_list":["post-3313","page","type-page","status-publish","hentry"],"acf":[],"yoast_head":"<!-- This site is optimized with the Yoast SEO plugin v27.4 - https:\/\/yoast.com\/product\/yoast-seo-wordpress\/ -->\n<title>Jak pom\u00e1h\u00e1me | Dosa\u017een\u00ed uhl\u00edkov\u00e9 neutrality<\/title>\n<meta name=\"description\" content=\"Firmy usiluj\u00edc\u00ed o dosa\u017een\u00ed uhl\u00edkov\u00e9 neutrality mus\u00ed pl\u00e1novat a maximalizovat vyu\u017eit\u00ed obnoviteln\u00fdch zdroj\u016f, ale \u010del\u00ed mnoha v\u00fdzv\u00e1m.\" \/>\n<meta name=\"robots\" content=\"noindex, follow, max-snippet:-1, max-image-preview:large, max-video-preview:-1\" \/>\n<meta property=\"og:locale\" content=\"cs_CZ\" \/>\n<meta property=\"og:type\" content=\"article\" \/>\n<meta property=\"og:title\" content=\"Jak pom\u00e1h\u00e1me | Dosa\u017een\u00ed \u010dist\u00e9 nuly\" \/>\n<meta property=\"og:description\" content=\"Firmy usiluj\u00edc\u00ed o nulovou spot\u0159ebu energie mus\u00ed pl\u00e1novat a maximalizovat vyu\u017eit\u00ed obnoviteln\u00fdch zdroj\u016f, ale \u010del\u00ed mnoha v\u00fdzv\u00e1m.\" \/>\n<meta property=\"og:url\" content=\"https:\/\/wattstor.marketingpod.dev\/cs\/dosazeni-uhlikove-neutrality\/\" \/>\n<meta property=\"og:site_name\" content=\"Wattstor\" \/>\n<meta property=\"article:modified_time\" content=\"2025-01-17T08:04:32+00:00\" \/>\n<meta property=\"og:image\" content=\"https:\/\/wattstor.marketingpod.dev\/wp-content\/uploads\/2024\/04\/sungrow-emea-ceTSHQ0qars-unsplash-1024x683.jpg\" \/>\n\t<meta property=\"og:image:width\" content=\"1024\" \/>\n\t<meta property=\"og:image:height\" content=\"683\" \/>\n\t<meta property=\"og:image:type\" content=\"image\/jpeg\" \/>\n<meta name=\"twitter:card\" content=\"summary_large_image\" \/>\n<!-- \/ Yoast SEO plugin. -->","yoast_head_json":{"title":"Jak pom\u00e1h\u00e1me | Dosa\u017een\u00ed uhl\u00edkov\u00e9 neutrality","description":"Firmy usiluj\u00edc\u00ed o dosa\u017een\u00ed uhl\u00edkov\u00e9 neutrality mus\u00ed pl\u00e1novat a maximalizovat vyu\u017eit\u00ed obnoviteln\u00fdch zdroj\u016f, ale \u010del\u00ed mnoha v\u00fdzv\u00e1m.","robots":{"index":"noindex","follow":"follow","max-snippet":"max-snippet:-1","max-image-preview":"max-image-preview:large","max-video-preview":"max-video-preview:-1"},"og_locale":"cs_CZ","og_type":"article","og_title":"Jak pom\u00e1h\u00e1me | Dosa\u017een\u00ed \u010dist\u00e9 nuly","og_description":"Firmy usiluj\u00edc\u00ed o nulovou spot\u0159ebu energie mus\u00ed pl\u00e1novat a maximalizovat vyu\u017eit\u00ed obnoviteln\u00fdch zdroj\u016f, ale \u010del\u00ed mnoha v\u00fdzv\u00e1m.","og_url":"https:\/\/wattstor.marketingpod.dev\/cs\/dosazeni-uhlikove-neutrality\/","og_site_name":"Wattstor","article_modified_time":"2025-01-17T08:04:32+00:00","og_image":[{"width":1024,"height":683,"url":"https:\/\/wattstor.marketingpod.dev\/wp-content\/uploads\/2024\/04\/sungrow-emea-ceTSHQ0qars-unsplash-1024x683.jpg","type":"image\/jpeg"}],"twitter_card":"summary_large_image","schema":{"@context":"https:\/\/schema.org","@graph":[{"@type":"WebPage","@id":"https:\/\/wattstor.marketingpod.dev\/cs\/dosazeni-uhlikove-neutrality\/","url":"https:\/\/wattstor.marketingpod.dev\/cs\/dosazeni-uhlikove-neutrality\/","name":"Jak pom\u00e1h\u00e1me | Dosa\u017een\u00ed uhl\u00edkov\u00e9 neutrality","isPartOf":{"@id":"https:\/\/wattstor.marketingpod.dev\/cs\/#website"},"datePublished":"2024-12-11T17:57:48+00:00","dateModified":"2025-01-17T08:04:32+00:00","description":"Firmy usiluj\u00edc\u00ed o dosa\u017een\u00ed uhl\u00edkov\u00e9 neutrality mus\u00ed pl\u00e1novat a maximalizovat vyu\u017eit\u00ed obnoviteln\u00fdch zdroj\u016f, ale \u010del\u00ed mnoha v\u00fdzv\u00e1m.","breadcrumb":{"@id":"https:\/\/wattstor.marketingpod.dev\/cs\/dosazeni-uhlikove-neutrality\/#breadcrumb"},"inLanguage":"cs","potentialAction":[{"@type":"ReadAction","target":["https:\/\/wattstor.marketingpod.dev\/cs\/dosazeni-uhlikove-neutrality\/"]}]},{"@type":"BreadcrumbList","@id":"https:\/\/wattstor.marketingpod.dev\/cs\/dosazeni-uhlikove-neutrality\/#breadcrumb","itemListElement":[{"@type":"ListItem","position":1,"name":"Home","item":"https:\/\/wattstor.marketingpod.dev\/cs\/"},{"@type":"ListItem","position":2,"name":"Dosa\u017een\u00ed uhl\u00edkov\u00e9 neutrality"}]},{"@type":"WebSite","@id":"https:\/\/wattstor.marketingpod.dev\/cs\/#website","url":"https:\/\/wattstor.marketingpod.dev\/cs\/","name":"Wattstor","description":"Wattstor delivers intelligent energy management solutions for renewables, storage and EV charging on industrial and commercial sites.","potentialAction":[{"@type":"SearchAction","target":{"@type":"EntryPoint","urlTemplate":"https:\/\/wattstor.marketingpod.dev\/cs\/?s={search_term_string}"},"query-input":{"@type":"PropertyValueSpecification","valueRequired":true,"valueName":"search_term_string"}}],"inLanguage":"cs"}]}},"_links":{"self":[{"href":"https:\/\/wattstor.marketingpod.dev\/cs\/wp-json\/wp\/v2\/pages\/3313","targetHints":{"allow":["GET"]}}],"collection":[{"href":"https:\/\/wattstor.marketingpod.dev\/cs\/wp-json\/wp\/v2\/pages"}],"about":[{"href":"https:\/\/wattstor.marketingpod.dev\/cs\/wp-json\/wp\/v2\/types\/page"}],"author":[{"embeddable":true,"href":"https:\/\/wattstor.marketingpod.dev\/cs\/wp-json\/wp\/v2\/users\/28"}],"replies":[{"embeddable":true,"href":"https:\/\/wattstor.marketingpod.dev\/cs\/wp-json\/wp\/v2\/comments?post=3313"}],"version-history":[{"count":0,"href":"https:\/\/wattstor.marketingpod.dev\/cs\/wp-json\/wp\/v2\/pages\/3313\/revisions"}],"wp:attachment":[{"href":"https:\/\/wattstor.marketingpod.dev\/cs\/wp-json\/wp\/v2\/media?parent=3313"}],"curies":[{"name":"wp","href":"https:\/\/api.w.org\/{rel}","templated":true}]}}