{"id":1400,"date":"2023-09-20T12:14:15","date_gmt":"2023-09-20T12:14:15","guid":{"rendered":"https:\/\/wattstor.com\/?page_id=1400"},"modified":"2024-06-11T08:27:28","modified_gmt":"2024-06-11T08:27:28","slug":"obchodovani-s-elektrickou-energii","status":"publish","type":"page","link":"https:\/\/wattstor.marketingpod.dev\/cs\/obchodovani-s-elektrickou-energii\/","title":{"rendered":"Propojen\u00ed s energetick\u00fdm trhem"},"content":{"rendered":"","protected":false},"excerpt":{"rendered":"","protected":false},"author":16,"featured_media":0,"parent":0,"menu_order":0,"comment_status":"closed","ping_status":"closed","template":"template-flexible-content.php","meta":{"_acf_changed":false,"inline_featured_image":false,"footnotes":""},"class_list":["post-1400","page","type-page","status-publish","hentry"],"acf":[],"yoast_head":"<!-- This site is optimized with the Yoast SEO plugin v27.4 - https:\/\/yoast.com\/product\/yoast-seo-wordpress\/ -->\n<title>Obchodov\u00e1n\u00ed s elektrickou energi\u00ed<\/title>\n<meta name=\"description\" content=\"Platforma Podium spole\u010dnosti Wattstor umo\u017e\u0148uje obchodov\u00e1n\u00ed na denn\u00edm trhu s elektrickou energi\u00ed, s c\u00edlem zv\u00fd\u0161it \u00faspory ale i zisk z energie vyroben\u00e9 a uskladn\u011bn\u00e9 v m\u00edst\u011b instalace.\" \/>\n<meta name=\"robots\" content=\"noindex, follow, max-snippet:-1, max-image-preview:large, max-video-preview:-1\" \/>\n<meta property=\"og:locale\" content=\"cs_CZ\" \/>\n<meta property=\"og:type\" content=\"article\" \/>\n<meta property=\"og:title\" content=\"Obchodov\u00e1n\u00ed s elektrickou energi\u00ed\" \/>\n<meta property=\"og:description\" content=\"Platforma Podium spole\u010dnosti Wattstor umo\u017e\u0148uje obchodov\u00e1n\u00ed na denn\u00edm trhu s elektrickou energi\u00ed, s c\u00edlem zv\u00fd\u0161it \u00faspory ale i zisk z energie vyroben\u00e9 a uskladn\u011bn\u00e9 v m\u00edst\u011b instalace.\" \/>\n<meta property=\"og:url\" content=\"https:\/\/wattstor.marketingpod.dev\/cs\/obchodovani-s-elektrickou-energii\/\" \/>\n<meta property=\"og:site_name\" content=\"Wattstor\" \/>\n<meta property=\"article:modified_time\" content=\"2024-06-11T08:27:28+00:00\" \/>\n<meta name=\"twitter:card\" content=\"summary_large_image\" \/>\n<!-- \/ Yoast SEO plugin. -->","yoast_head_json":{"title":"Obchodov\u00e1n\u00ed s elektrickou energi\u00ed","description":"Platforma Podium spole\u010dnosti Wattstor umo\u017e\u0148uje obchodov\u00e1n\u00ed na denn\u00edm trhu s elektrickou energi\u00ed, s c\u00edlem zv\u00fd\u0161it \u00faspory ale i zisk z energie vyroben\u00e9 a uskladn\u011bn\u00e9 v m\u00edst\u011b instalace.","robots":{"index":"noindex","follow":"follow","max-snippet":"max-snippet:-1","max-image-preview":"max-image-preview:large","max-video-preview":"max-video-preview:-1"},"og_locale":"cs_CZ","og_type":"article","og_title":"Obchodov\u00e1n\u00ed s elektrickou energi\u00ed","og_description":"Platforma Podium spole\u010dnosti Wattstor umo\u017e\u0148uje obchodov\u00e1n\u00ed na denn\u00edm trhu s elektrickou energi\u00ed, s c\u00edlem zv\u00fd\u0161it \u00faspory ale i zisk z energie vyroben\u00e9 a uskladn\u011bn\u00e9 v m\u00edst\u011b instalace.","og_url":"https:\/\/wattstor.marketingpod.dev\/cs\/obchodovani-s-elektrickou-energii\/","og_site_name":"Wattstor","article_modified_time":"2024-06-11T08:27:28+00:00","twitter_card":"summary_large_image","schema":{"@context":"https:\/\/schema.org","@graph":[{"@type":"WebPage","@id":"https:\/\/wattstor.marketingpod.dev\/cs\/obchodovani-s-elektrickou-energii\/","url":"https:\/\/wattstor.marketingpod.dev\/cs\/obchodovani-s-elektrickou-energii\/","name":"Obchodov\u00e1n\u00ed s elektrickou energi\u00ed","isPartOf":{"@id":"https:\/\/wattstor.marketingpod.dev\/cs\/#website"},"datePublished":"2023-09-20T12:14:15+00:00","dateModified":"2024-06-11T08:27:28+00:00","description":"Platforma Podium spole\u010dnosti Wattstor umo\u017e\u0148uje obchodov\u00e1n\u00ed na denn\u00edm trhu s elektrickou energi\u00ed, s c\u00edlem zv\u00fd\u0161it \u00faspory ale i zisk z energie vyroben\u00e9 a uskladn\u011bn\u00e9 v m\u00edst\u011b instalace.","breadcrumb":{"@id":"https:\/\/wattstor.marketingpod.dev\/cs\/obchodovani-s-elektrickou-energii\/#breadcrumb"},"inLanguage":"cs","potentialAction":[{"@type":"ReadAction","target":["https:\/\/wattstor.marketingpod.dev\/cs\/obchodovani-s-elektrickou-energii\/"]}]},{"@type":"BreadcrumbList","@id":"https:\/\/wattstor.marketingpod.dev\/cs\/obchodovani-s-elektrickou-energii\/#breadcrumb","itemListElement":[{"@type":"ListItem","position":1,"name":"Home","item":"https:\/\/wattstor.marketingpod.dev\/cs\/"},{"@type":"ListItem","position":2,"name":"Propojen\u00ed s energetick\u00fdm trhem"}]},{"@type":"WebSite","@id":"https:\/\/wattstor.marketingpod.dev\/cs\/#website","url":"https:\/\/wattstor.marketingpod.dev\/cs\/","name":"Wattstor","description":"Wattstor delivers intelligent energy management solutions for renewables, storage and EV charging on industrial and commercial sites.","potentialAction":[{"@type":"SearchAction","target":{"@type":"EntryPoint","urlTemplate":"https:\/\/wattstor.marketingpod.dev\/cs\/?s={search_term_string}"},"query-input":{"@type":"PropertyValueSpecification","valueRequired":true,"valueName":"search_term_string"}}],"inLanguage":"cs"}]}},"_links":{"self":[{"href":"https:\/\/wattstor.marketingpod.dev\/cs\/wp-json\/wp\/v2\/pages\/1400","targetHints":{"allow":["GET"]}}],"collection":[{"href":"https:\/\/wattstor.marketingpod.dev\/cs\/wp-json\/wp\/v2\/pages"}],"about":[{"href":"https:\/\/wattstor.marketingpod.dev\/cs\/wp-json\/wp\/v2\/types\/page"}],"author":[{"embeddable":true,"href":"https:\/\/wattstor.marketingpod.dev\/cs\/wp-json\/wp\/v2\/users\/16"}],"replies":[{"embeddable":true,"href":"https:\/\/wattstor.marketingpod.dev\/cs\/wp-json\/wp\/v2\/comments?post=1400"}],"version-history":[{"count":0,"href":"https:\/\/wattstor.marketingpod.dev\/cs\/wp-json\/wp\/v2\/pages\/1400\/revisions"}],"wp:attachment":[{"href":"https:\/\/wattstor.marketingpod.dev\/cs\/wp-json\/wp\/v2\/media?parent=1400"}],"curies":[{"name":"wp","href":"https:\/\/api.w.org\/{rel}","templated":true}]}}