{"id":1399,"date":"2023-09-13T16:02:36","date_gmt":"2023-09-13T16:02:36","guid":{"rendered":"https:\/\/wattstor.com\/?page_id=1399"},"modified":"2025-01-29T10:20:49","modified_gmt":"2025-01-29T10:20:49","slug":"bateriove-uloziste","status":"publish","type":"page","link":"https:\/\/wattstor.marketingpod.dev\/cs\/bateriove-uloziste\/","title":{"rendered":"Bateriov\u00e9 \u00falo\u017ei\u0161t\u011b &#8211; BESS"},"content":{"rendered":"","protected":false},"excerpt":{"rendered":"","protected":false},"author":16,"featured_media":0,"parent":0,"menu_order":0,"comment_status":"closed","ping_status":"closed","template":"template-flexible-content.php","meta":{"_acf_changed":false,"inline_featured_image":false,"footnotes":""},"class_list":["post-1399","page","type-page","status-publish","hentry"],"acf":[],"yoast_head":"<!-- This site is optimized with the Yoast SEO plugin v27.4 - https:\/\/yoast.com\/product\/yoast-seo-wordpress\/ -->\n<title>Bateriov\u00e9 \u00falo\u017ei\u0161t\u011b - BESS<\/title>\n<meta name=\"description\" content=\"Bateriov\u00e9 \u00falo\u017ei\u0161t\u011b energie ve spojen\u00ed s platformou pro \u0159\u00edzen\u00ed energie EMS, zvanou Podium, zabezpe\u010duje propojen\u00ed zdroj\u016f energie s c\u00edlem maximalizovat produkci energie p\u0159\u00edmo na m\u00edst\u011b instalace.\" \/>\n<meta name=\"robots\" content=\"noindex, follow, max-snippet:-1, max-image-preview:large, max-video-preview:-1\" \/>\n<meta property=\"og:locale\" content=\"cs_CZ\" \/>\n<meta property=\"og:type\" content=\"article\" \/>\n<meta property=\"og:title\" content=\"Bateriov\u00e9 \u00falo\u017ei\u0161t\u011b - BESS\" \/>\n<meta property=\"og:description\" content=\"Bateriov\u00e9 \u00falo\u017ei\u0161t\u011b energie ve spojen\u00ed s platformou pro \u0159\u00edzen\u00ed energie EMS, zvanou Podium, zabezpe\u010duje propojen\u00ed zdroj\u016f energie s c\u00edlem maximalizovat produkci energie p\u0159\u00edmo na m\u00edst\u011b instalace.\" \/>\n<meta property=\"og:url\" content=\"https:\/\/wattstor.marketingpod.dev\/cs\/bateriove-uloziste\/\" \/>\n<meta property=\"og:site_name\" content=\"Wattstor\" \/>\n<meta property=\"article:modified_time\" content=\"2025-01-29T10:20:49+00:00\" \/>\n<meta name=\"twitter:card\" content=\"summary_large_image\" \/>\n<!-- \/ Yoast SEO plugin. -->","yoast_head_json":{"title":"Bateriov\u00e9 \u00falo\u017ei\u0161t\u011b - BESS","description":"Bateriov\u00e9 \u00falo\u017ei\u0161t\u011b energie ve spojen\u00ed s platformou pro \u0159\u00edzen\u00ed energie EMS, zvanou Podium, zabezpe\u010duje propojen\u00ed zdroj\u016f energie s c\u00edlem maximalizovat produkci energie p\u0159\u00edmo na m\u00edst\u011b instalace.","robots":{"index":"noindex","follow":"follow","max-snippet":"max-snippet:-1","max-image-preview":"max-image-preview:large","max-video-preview":"max-video-preview:-1"},"og_locale":"cs_CZ","og_type":"article","og_title":"Bateriov\u00e9 \u00falo\u017ei\u0161t\u011b - BESS","og_description":"Bateriov\u00e9 \u00falo\u017ei\u0161t\u011b energie ve spojen\u00ed s platformou pro \u0159\u00edzen\u00ed energie EMS, zvanou Podium, zabezpe\u010duje propojen\u00ed zdroj\u016f energie s c\u00edlem maximalizovat produkci energie p\u0159\u00edmo na m\u00edst\u011b instalace.","og_url":"https:\/\/wattstor.marketingpod.dev\/cs\/bateriove-uloziste\/","og_site_name":"Wattstor","article_modified_time":"2025-01-29T10:20:49+00:00","twitter_card":"summary_large_image","schema":{"@context":"https:\/\/schema.org","@graph":[{"@type":"WebPage","@id":"https:\/\/wattstor.marketingpod.dev\/cs\/bateriove-uloziste\/","url":"https:\/\/wattstor.marketingpod.dev\/cs\/bateriove-uloziste\/","name":"Bateriov\u00e9 \u00falo\u017ei\u0161t\u011b - BESS","isPartOf":{"@id":"https:\/\/wattstor.marketingpod.dev\/cs\/#website"},"datePublished":"2023-09-13T16:02:36+00:00","dateModified":"2025-01-29T10:20:49+00:00","description":"Bateriov\u00e9 \u00falo\u017ei\u0161t\u011b energie ve spojen\u00ed s platformou pro \u0159\u00edzen\u00ed energie EMS, zvanou Podium, zabezpe\u010duje propojen\u00ed zdroj\u016f energie s c\u00edlem maximalizovat produkci energie p\u0159\u00edmo na m\u00edst\u011b instalace.","breadcrumb":{"@id":"https:\/\/wattstor.marketingpod.dev\/cs\/bateriove-uloziste\/#breadcrumb"},"inLanguage":"cs","potentialAction":[{"@type":"ReadAction","target":["https:\/\/wattstor.marketingpod.dev\/cs\/bateriove-uloziste\/"]}]},{"@type":"BreadcrumbList","@id":"https:\/\/wattstor.marketingpod.dev\/cs\/bateriove-uloziste\/#breadcrumb","itemListElement":[{"@type":"ListItem","position":1,"name":"Home","item":"https:\/\/wattstor.marketingpod.dev\/cs\/"},{"@type":"ListItem","position":2,"name":"Bateriov\u00e9 \u00falo\u017ei\u0161t\u011b &#8211; BESS"}]},{"@type":"WebSite","@id":"https:\/\/wattstor.marketingpod.dev\/cs\/#website","url":"https:\/\/wattstor.marketingpod.dev\/cs\/","name":"Wattstor","description":"Wattstor delivers intelligent energy management solutions for renewables, storage and EV charging on industrial and commercial sites.","potentialAction":[{"@type":"SearchAction","target":{"@type":"EntryPoint","urlTemplate":"https:\/\/wattstor.marketingpod.dev\/cs\/?s={search_term_string}"},"query-input":{"@type":"PropertyValueSpecification","valueRequired":true,"valueName":"search_term_string"}}],"inLanguage":"cs"}]}},"_links":{"self":[{"href":"https:\/\/wattstor.marketingpod.dev\/cs\/wp-json\/wp\/v2\/pages\/1399","targetHints":{"allow":["GET"]}}],"collection":[{"href":"https:\/\/wattstor.marketingpod.dev\/cs\/wp-json\/wp\/v2\/pages"}],"about":[{"href":"https:\/\/wattstor.marketingpod.dev\/cs\/wp-json\/wp\/v2\/types\/page"}],"author":[{"embeddable":true,"href":"https:\/\/wattstor.marketingpod.dev\/cs\/wp-json\/wp\/v2\/users\/16"}],"replies":[{"embeddable":true,"href":"https:\/\/wattstor.marketingpod.dev\/cs\/wp-json\/wp\/v2\/comments?post=1399"}],"version-history":[{"count":0,"href":"https:\/\/wattstor.marketingpod.dev\/cs\/wp-json\/wp\/v2\/pages\/1399\/revisions"}],"wp:attachment":[{"href":"https:\/\/wattstor.marketingpod.dev\/cs\/wp-json\/wp\/v2\/media?parent=1399"}],"curies":[{"name":"wp","href":"https:\/\/api.w.org\/{rel}","templated":true}]}}