{"id":1398,"date":"2023-09-15T12:20:46","date_gmt":"2023-09-15T12:20:46","guid":{"rendered":"https:\/\/wattstor.com\/?page_id=1398"},"modified":"2026-03-20T09:48:26","modified_gmt":"2026-03-20T09:48:26","slug":"podium-ems","status":"publish","type":"page","link":"https:\/\/wattstor.marketingpod.dev\/cs\/podium-ems\/","title":{"rendered":"EMS Podium"},"content":{"rendered":"","protected":false},"excerpt":{"rendered":"","protected":false},"author":16,"featured_media":0,"parent":0,"menu_order":0,"comment_status":"closed","ping_status":"closed","template":"template-flexible-content.php","meta":{"_acf_changed":false,"inline_featured_image":false,"footnotes":""},"class_list":["post-1398","page","type-page","status-publish","hentry"],"acf":[],"yoast_head":"<!-- This site is optimized with the Yoast SEO plugin v27.4 - https:\/\/yoast.com\/product\/yoast-seo-wordpress\/ -->\n<title>Podium - syst\u00e9m \u0159\u00edzen\u00ed energie (EMS)<\/title>\n<meta name=\"description\" content=\"Syst\u00e9m \u0159\u00edzen\u00ed energie (EMS) Podium od spole\u010dnosti Wattstor inteligentn\u011b rozhoduje o procesech v\u00fdroby, skladov\u00e1n\u00ed, spot\u0159eby a obchodu s energi\u00ed.\" \/>\n<meta name=\"robots\" content=\"noindex, follow, max-snippet:-1, max-image-preview:large, max-video-preview:-1\" \/>\n<meta property=\"og:locale\" content=\"cs_CZ\" \/>\n<meta property=\"og:type\" content=\"article\" \/>\n<meta property=\"og:title\" content=\"Podium - syst\u00e9m \u0159\u00edzen\u00ed energie (EMS)\" \/>\n<meta property=\"og:description\" content=\"Syst\u00e9m \u0159\u00edzen\u00ed energie (EMS) Podium od spole\u010dnosti Wattstor inteligentn\u011b rozhoduje o procesech v\u00fdroby, skladov\u00e1n\u00ed, spot\u0159eby a obchodu s energi\u00ed.\" \/>\n<meta property=\"og:url\" content=\"https:\/\/wattstor.marketingpod.dev\/cs\/podium-ems\/\" \/>\n<meta property=\"og:site_name\" content=\"Wattstor\" \/>\n<meta property=\"article:modified_time\" content=\"2026-03-20T09:48:26+00:00\" \/>\n<meta name=\"twitter:card\" content=\"summary_large_image\" \/>\n<!-- \/ Yoast SEO plugin. -->","yoast_head_json":{"title":"Podium - syst\u00e9m \u0159\u00edzen\u00ed energie (EMS)","description":"Syst\u00e9m \u0159\u00edzen\u00ed energie (EMS) Podium od spole\u010dnosti Wattstor inteligentn\u011b rozhoduje o procesech v\u00fdroby, skladov\u00e1n\u00ed, spot\u0159eby a obchodu s energi\u00ed.","robots":{"index":"noindex","follow":"follow","max-snippet":"max-snippet:-1","max-image-preview":"max-image-preview:large","max-video-preview":"max-video-preview:-1"},"og_locale":"cs_CZ","og_type":"article","og_title":"Podium - syst\u00e9m \u0159\u00edzen\u00ed energie (EMS)","og_description":"Syst\u00e9m \u0159\u00edzen\u00ed energie (EMS) Podium od spole\u010dnosti Wattstor inteligentn\u011b rozhoduje o procesech v\u00fdroby, skladov\u00e1n\u00ed, spot\u0159eby a obchodu s energi\u00ed.","og_url":"https:\/\/wattstor.marketingpod.dev\/cs\/podium-ems\/","og_site_name":"Wattstor","article_modified_time":"2026-03-20T09:48:26+00:00","twitter_card":"summary_large_image","schema":{"@context":"https:\/\/schema.org","@graph":[{"@type":"WebPage","@id":"https:\/\/wattstor.marketingpod.dev\/cs\/podium-ems\/","url":"https:\/\/wattstor.marketingpod.dev\/cs\/podium-ems\/","name":"Podium - syst\u00e9m \u0159\u00edzen\u00ed energie (EMS)","isPartOf":{"@id":"https:\/\/wattstor.marketingpod.dev\/cs\/#website"},"datePublished":"2023-09-15T12:20:46+00:00","dateModified":"2026-03-20T09:48:26+00:00","description":"Syst\u00e9m \u0159\u00edzen\u00ed energie (EMS) Podium od spole\u010dnosti Wattstor inteligentn\u011b rozhoduje o procesech v\u00fdroby, skladov\u00e1n\u00ed, spot\u0159eby a obchodu s energi\u00ed.","breadcrumb":{"@id":"https:\/\/wattstor.marketingpod.dev\/cs\/podium-ems\/#breadcrumb"},"inLanguage":"cs","potentialAction":[{"@type":"ReadAction","target":["https:\/\/wattstor.marketingpod.dev\/cs\/podium-ems\/"]}]},{"@type":"BreadcrumbList","@id":"https:\/\/wattstor.marketingpod.dev\/cs\/podium-ems\/#breadcrumb","itemListElement":[{"@type":"ListItem","position":1,"name":"Home","item":"https:\/\/wattstor.marketingpod.dev\/cs\/"},{"@type":"ListItem","position":2,"name":"EMS Podium"}]},{"@type":"WebSite","@id":"https:\/\/wattstor.marketingpod.dev\/cs\/#website","url":"https:\/\/wattstor.marketingpod.dev\/cs\/","name":"Wattstor","description":"Wattstor delivers intelligent energy management solutions for renewables, storage and EV charging on industrial and commercial sites.","potentialAction":[{"@type":"SearchAction","target":{"@type":"EntryPoint","urlTemplate":"https:\/\/wattstor.marketingpod.dev\/cs\/?s={search_term_string}"},"query-input":{"@type":"PropertyValueSpecification","valueRequired":true,"valueName":"search_term_string"}}],"inLanguage":"cs"}]}},"_links":{"self":[{"href":"https:\/\/wattstor.marketingpod.dev\/cs\/wp-json\/wp\/v2\/pages\/1398","targetHints":{"allow":["GET"]}}],"collection":[{"href":"https:\/\/wattstor.marketingpod.dev\/cs\/wp-json\/wp\/v2\/pages"}],"about":[{"href":"https:\/\/wattstor.marketingpod.dev\/cs\/wp-json\/wp\/v2\/types\/page"}],"author":[{"embeddable":true,"href":"https:\/\/wattstor.marketingpod.dev\/cs\/wp-json\/wp\/v2\/users\/16"}],"replies":[{"embeddable":true,"href":"https:\/\/wattstor.marketingpod.dev\/cs\/wp-json\/wp\/v2\/comments?post=1398"}],"version-history":[{"count":0,"href":"https:\/\/wattstor.marketingpod.dev\/cs\/wp-json\/wp\/v2\/pages\/1398\/revisions"}],"wp:attachment":[{"href":"https:\/\/wattstor.marketingpod.dev\/cs\/wp-json\/wp\/v2\/media?parent=1398"}],"curies":[{"name":"wp","href":"https:\/\/api.w.org\/{rel}","templated":true}]}}