{"id":1396,"date":"2023-04-19T10:29:57","date_gmt":"2023-04-19T10:29:57","guid":{"rendered":"https:\/\/wattstor.com\/?page_id=1396"},"modified":"2025-01-31T12:07:12","modified_gmt":"2025-01-31T12:07:12","slug":"plne-financovane-systemy-obnovitelne-energie","status":"publish","type":"page","link":"https:\/\/wattstor.marketingpod.dev\/cs\/plne-financovane-systemy-obnovitelne-energie\/","title":{"rendered":"Pln\u011b financovan\u00e9 syst\u00e9my obnoviteln\u00e9 energie"},"content":{"rendered":"","protected":false},"excerpt":{"rendered":"","protected":false},"author":16,"featured_media":0,"parent":0,"menu_order":0,"comment_status":"closed","ping_status":"closed","template":"template-flexible-content.php","meta":{"_acf_changed":false,"inline_featured_image":false,"footnotes":""},"class_list":["post-1396","page","type-page","status-publish","hentry"],"acf":[],"yoast_head":"<!-- This site is optimized with the Yoast SEO plugin v27.4 - https:\/\/yoast.com\/product\/yoast-seo-wordpress\/ -->\n<title>Pln\u011b financovan\u00e9 syst\u00e9my obnoviteln\u00e9 energie od spole\u010dnosti<\/title>\n<meta name=\"description\" content=\"Pln\u011b financovan\u00e9 energetick\u00e9 syst\u00e9my p\u0159in\u00e1\u0161\u00ed zna\u010dn\u00e9 \u00faspory, vytv\u00e1\u0159ej\u00ed p\u0159\u00edjmy z\u00a0obchodov\u00e1n\u00ed na trhu s elekt\u0159inou a posiluj\u00ed ekologickou reputaci, to v\u0161e bez rizika.\" \/>\n<meta name=\"robots\" content=\"noindex, follow, max-snippet:-1, max-image-preview:large, max-video-preview:-1\" \/>\n<meta property=\"og:locale\" content=\"cs_CZ\" \/>\n<meta property=\"og:type\" content=\"article\" \/>\n<meta property=\"og:title\" content=\"Pln\u011b financovan\u00e9 syst\u00e9my obnoviteln\u00e9 energie od spole\u010dnosti\" \/>\n<meta property=\"og:description\" content=\"Pln\u011b financovan\u00e9 energetick\u00e9 syst\u00e9my p\u0159in\u00e1\u0161\u00ed zna\u010dn\u00e9 \u00faspory, vytv\u00e1\u0159ej\u00ed p\u0159\u00edjmy z\u00a0obchodov\u00e1n\u00ed na trhu s elekt\u0159inou a posiluj\u00ed ekologickou reputaci, to v\u0161e bez rizika.\" \/>\n<meta property=\"og:url\" content=\"https:\/\/wattstor.marketingpod.dev\/cs\/plne-financovane-systemy-obnovitelne-energie\/\" \/>\n<meta property=\"og:site_name\" content=\"Wattstor\" \/>\n<meta property=\"article:modified_time\" content=\"2025-01-31T12:07:12+00:00\" \/>\n<meta property=\"og:image\" content=\"https:\/\/wattstor.marketingpod.dev\/wp-content\/uploads\/2021\/08\/Solar-battery-wind-800x400-1.png\" \/>\n<meta name=\"twitter:card\" content=\"summary_large_image\" \/>\n<meta name=\"twitter:image\" content=\"https:\/\/wattstor.marketingpod.dev\/wp-content\/uploads\/2021\/08\/Solar-battery-wind-800x400-1.png\" \/>\n<!-- \/ Yoast SEO plugin. -->","yoast_head_json":{"title":"Pln\u011b financovan\u00e9 syst\u00e9my obnoviteln\u00e9 energie od spole\u010dnosti","description":"Pln\u011b financovan\u00e9 energetick\u00e9 syst\u00e9my p\u0159in\u00e1\u0161\u00ed zna\u010dn\u00e9 \u00faspory, vytv\u00e1\u0159ej\u00ed p\u0159\u00edjmy z\u00a0obchodov\u00e1n\u00ed na trhu s elekt\u0159inou a posiluj\u00ed ekologickou reputaci, to v\u0161e bez rizika.","robots":{"index":"noindex","follow":"follow","max-snippet":"max-snippet:-1","max-image-preview":"max-image-preview:large","max-video-preview":"max-video-preview:-1"},"og_locale":"cs_CZ","og_type":"article","og_title":"Pln\u011b financovan\u00e9 syst\u00e9my obnoviteln\u00e9 energie od spole\u010dnosti","og_description":"Pln\u011b financovan\u00e9 energetick\u00e9 syst\u00e9my p\u0159in\u00e1\u0161\u00ed zna\u010dn\u00e9 \u00faspory, vytv\u00e1\u0159ej\u00ed p\u0159\u00edjmy z\u00a0obchodov\u00e1n\u00ed na trhu s elekt\u0159inou a posiluj\u00ed ekologickou reputaci, to v\u0161e bez rizika.","og_url":"https:\/\/wattstor.marketingpod.dev\/cs\/plne-financovane-systemy-obnovitelne-energie\/","og_site_name":"Wattstor","article_modified_time":"2025-01-31T12:07:12+00:00","og_image":[{"url":"https:\/\/wattstor.marketingpod.dev\/wp-content\/uploads\/2021\/08\/Solar-battery-wind-800x400-1.png","type":"","width":"","height":""}],"twitter_card":"summary_large_image","twitter_image":"https:\/\/wattstor.marketingpod.dev\/wp-content\/uploads\/2021\/08\/Solar-battery-wind-800x400-1.png","schema":{"@context":"https:\/\/schema.org","@graph":[{"@type":"WebPage","@id":"https:\/\/wattstor.marketingpod.dev\/cs\/plne-financovane-systemy-obnovitelne-energie\/","url":"https:\/\/wattstor.marketingpod.dev\/cs\/plne-financovane-systemy-obnovitelne-energie\/","name":"Pln\u011b financovan\u00e9 syst\u00e9my obnoviteln\u00e9 energie od spole\u010dnosti","isPartOf":{"@id":"https:\/\/wattstor.marketingpod.dev\/cs\/#website"},"datePublished":"2023-04-19T10:29:57+00:00","dateModified":"2025-01-31T12:07:12+00:00","description":"Pln\u011b financovan\u00e9 energetick\u00e9 syst\u00e9my p\u0159in\u00e1\u0161\u00ed zna\u010dn\u00e9 \u00faspory, vytv\u00e1\u0159ej\u00ed p\u0159\u00edjmy z\u00a0obchodov\u00e1n\u00ed na trhu s elekt\u0159inou a posiluj\u00ed ekologickou reputaci, to v\u0161e bez rizika.","breadcrumb":{"@id":"https:\/\/wattstor.marketingpod.dev\/cs\/plne-financovane-systemy-obnovitelne-energie\/#breadcrumb"},"inLanguage":"cs","potentialAction":[{"@type":"ReadAction","target":["https:\/\/wattstor.marketingpod.dev\/cs\/plne-financovane-systemy-obnovitelne-energie\/"]}]},{"@type":"BreadcrumbList","@id":"https:\/\/wattstor.marketingpod.dev\/cs\/plne-financovane-systemy-obnovitelne-energie\/#breadcrumb","itemListElement":[{"@type":"ListItem","position":1,"name":"Home","item":"https:\/\/wattstor.marketingpod.dev\/cs\/"},{"@type":"ListItem","position":2,"name":"Pln\u011b financovan\u00e9 syst\u00e9my obnoviteln\u00e9 energie"}]},{"@type":"WebSite","@id":"https:\/\/wattstor.marketingpod.dev\/cs\/#website","url":"https:\/\/wattstor.marketingpod.dev\/cs\/","name":"Wattstor","description":"Wattstor delivers intelligent energy management solutions for renewables, storage and EV charging on industrial and commercial sites.","potentialAction":[{"@type":"SearchAction","target":{"@type":"EntryPoint","urlTemplate":"https:\/\/wattstor.marketingpod.dev\/cs\/?s={search_term_string}"},"query-input":{"@type":"PropertyValueSpecification","valueRequired":true,"valueName":"search_term_string"}}],"inLanguage":"cs"}]}},"_links":{"self":[{"href":"https:\/\/wattstor.marketingpod.dev\/cs\/wp-json\/wp\/v2\/pages\/1396","targetHints":{"allow":["GET"]}}],"collection":[{"href":"https:\/\/wattstor.marketingpod.dev\/cs\/wp-json\/wp\/v2\/pages"}],"about":[{"href":"https:\/\/wattstor.marketingpod.dev\/cs\/wp-json\/wp\/v2\/types\/page"}],"author":[{"embeddable":true,"href":"https:\/\/wattstor.marketingpod.dev\/cs\/wp-json\/wp\/v2\/users\/16"}],"replies":[{"embeddable":true,"href":"https:\/\/wattstor.marketingpod.dev\/cs\/wp-json\/wp\/v2\/comments?post=1396"}],"version-history":[{"count":0,"href":"https:\/\/wattstor.marketingpod.dev\/cs\/wp-json\/wp\/v2\/pages\/1396\/revisions"}],"wp:attachment":[{"href":"https:\/\/wattstor.marketingpod.dev\/cs\/wp-json\/wp\/v2\/media?parent=1396"}],"curies":[{"name":"wp","href":"https:\/\/api.w.org\/{rel}","templated":true}]}}